{"id":71189,"date":"2025-05-16T22:27:37","date_gmt":"2025-05-17T02:27:37","guid":{"rendered":"https:\/\/skygroup.com.ve\/web\/producto\/plc-1110-casa-en-venta-urb-prebo-iii-calle-127a\/"},"modified":"2026-04-07T20:52:18","modified_gmt":"2026-04-08T00:52:18","slug":"plc-1110-casa-en-venta-urb-prebo-iii-calle-127a","status":"publish","type":"product","link":"https:\/\/skygroup.com.ve\/web\/producto\/plc-1110-casa-en-venta-urb-prebo-iii-calle-127a\/","title":{"rendered":"PLC-1110 Casa en Venta Urb. Prebo III Calle 127A"},"content":{"rendered":"<p>SKY GROUP PLATINUM Vende moderna casa en Urb. Prebo III, Calle 121\u00aa, Valencia, Edo. Carabobo<br \/>\nCalle Cerrada<br \/>\n1037 M2 de terreno<br \/>\n700 M2 de construcci\u00f3n<br \/>\n2 niveles<\/p>\n<p>Nivel Planta Baja<br \/>\n3 habitaciones<br \/>\n2 ba\u00f1os y medio<br \/>\n1 ba\u00f1o exterior con ducha<br \/>\nComedor<br \/>\nSala de estar<br \/>\nCocina empotrada italiana con tope de silestone, concepto abierto.<br \/>\nEstudio<br \/>\nBalc\u00f3n con hermosa vista de la ciudad y monta\u00f1as<br \/>\nCuarto de lavadero<br \/>\nCuarto de dep\u00f3sito<br \/>\nPatio descubierto<br \/>\nArea de faena<br \/>\nTanque de agua de capacidad 25.000 lts. con dos (2) bombas hidroneum\u00e1ticas<br \/>\nPlanta el\u00e9ctrica de gasoil, motor Cummins, generador Stanford, 25 KVA alcance total<br \/>\n12 puestos de estacionamiento<br \/>\nPort\u00f3n el\u00e9ctrico<\/p>\n<p>Nivel Planta Alta<br \/>\n1 habitaci\u00f3n principal con Vestier, ba\u00f1o privado y balc\u00f3n con hermosa vista de la ciudad y monta\u00f1as<br \/>\n3 habitaciones secundarias con ba\u00f1o privado<br \/>\n1 habitaci\u00f3n de gimnasio<\/p>\n<p>Caracter\u00edsticas Generales<br \/>\nPisos de porcelanato en toda la casa<br \/>\nFachada de m\u00e1rmol, espacato y grafiado<br \/>\nVentanales de vidrios en varios lugares de la casa ofreciendo diferentes ambientes de luz natural.<br \/>\nAires Acondicionados tipo Split en todos los ambientes<br \/>\nEscalera moderna de interiores con acero, vidrio y ventanales.<br \/>\nInternet fibra \u00f3ptica y ABBA Cantv<br \/>\nL\u00ednea Telef\u00f3nica CANTV<br \/>\nCerco el\u00e9ctrico<\/p>\n<p>Bondades del Conjunto<br \/>\nCalle Cerrada<br \/>\nVigilancia privada las 24 horas del d\u00eda<br \/>\nPozo de agua con planta el\u00e9ctrica<br \/>\nCercano a colegios, supermercados, panader\u00edas, farmacias y dem\u00e1s negocios similares.<\/p>\n","protected":false},"excerpt":{"rendered":"<p>Sky Group PLATINUM Vende Casa Urb. Prebo III Calle 127A<\/p>\n","protected":false},"featured_media":70953,"template":"","meta":{"_acf_changed":false,"_uag_custom_page_level_css":"","site-sidebar-layout":"default","site-content-layout":"","ast-site-content-layout":"default","site-content-style":"default","site-sidebar-style":"default","ast-global-header-display":"","ast-banner-title-visibility":"","ast-main-header-display":"","ast-hfb-above-header-display":"","ast-hfb-below-header-display":"","ast-hfb-mobile-header-display":"","site-post-title":"","ast-breadcrumbs-content":"","ast-featured-img":"","footer-sml-layout":"","ast-disable-related-posts":"","theme-transparent-header-meta":"default","adv-header-id-meta":"","stick-header-meta":"","header-above-stick-meta":"","header-main-stick-meta":"","header-below-stick-meta":"","astra-migrate-meta-layouts":"default","ast-page-background-enabled":"default","ast-page-background-meta":{"desktop":{"background-color":"var(--ast-global-color-4)","background-image":"","background-repeat":"repeat","background-position":"center center","background-size":"auto","background-attachment":"scroll","background-type":"","background-media":"","overlay-type":"","overlay-color":"","overlay-opacity":"","overlay-gradient":""},"tablet":{"background-color":"","background-image":"","background-repeat":"repeat","background-position":"center center","background-size":"auto","background-attachment":"scroll","background-type":"","background-media":"","overlay-type":"","overlay-color":"","overlay-opacity":"","overlay-gradient":""},"mobile":{"background-color":"","background-image":"","background-repeat":"repeat","background-position":"center center","background-size":"auto","background-attachment":"scroll","background-type":"","background-media":"","overlay-type":"","overlay-color":"","overlay-opacity":"","overlay-gradient":""}},"ast-content-background-meta":{"desktop":{"background-color":"var(--ast-global-color-5)","background-image":"","background-repeat":"repeat","background-position":"center center","background-size":"auto","background-attachment":"scroll","background-type":"","background-media":"","overlay-type":"","overlay-color":"","overlay-opacity":"","overlay-gradient":""},"tablet":{"background-color":"var(--ast-global-color-5)","background-image":"","background-repeat":"repeat","background-position":"center center","background-size":"auto","background-attachment":"scroll","background-type":"","background-media":"","overlay-type":"","overlay-color":"","overlay-opacity":"","overlay-gradient":""},"mobile":{"background-color":"var(--ast-global-color-5)","background-image":"","background-repeat":"repeat","background-position":"center center","background-size":"auto","background-attachment":"scroll","background-type":"","background-media":"","overlay-type":"","overlay-color":"","overlay-opacity":"","overlay-gradient":""}},"jetpack_post_was_ever_published":false,"_joinchat":{"telephone":"+584124943191"}},"estado":[],"product_brand":[557],"product_cat":[47],"product_tag":[297],"class_list":{"0":"post-71189","1":"product","2":"type-product","3":"status-publish","4":"has-post-thumbnail","6":"product_brand-platinum","7":"product_cat-casa","8":"product_tag-null","9":"product_shipping_class-null","10":"pa_asesor-atr-susana-maria-gonzalez-gil","11":"pa_oficina-atr-platinum","12":"pa_ubicacion-carabobo","13":"desktop-align-left","14":"tablet-align-left","15":"mobile-align-left","17":"first","18":"instock","19":"shipping-taxable","20":"purchasable","21":"product-type-simple"},"acf":[],"uagb_featured_image_src":{"full":["https:\/\/i0.wp.com\/skygroup.com.ve\/web\/wp-content\/uploads\/2025\/05\/5657_20131223_101036.jpg?fit=1080%2C608&ssl=1",1080,608,false],"thumbnail":["https:\/\/i0.wp.com\/skygroup.com.ve\/web\/wp-content\/uploads\/2025\/05\/5657_20131223_101036.jpg?resize=150%2C150&ssl=1",150,150,true],"medium":["https:\/\/i0.wp.com\/skygroup.com.ve\/web\/wp-content\/uploads\/2025\/05\/5657_20131223_101036.jpg?fit=300%2C169&ssl=1",300,169,true],"medium_large":["https:\/\/i0.wp.com\/skygroup.com.ve\/web\/wp-content\/uploads\/2025\/05\/5657_20131223_101036.jpg?fit=768%2C432&ssl=1",768,432,true],"large":["https:\/\/i0.wp.com\/skygroup.com.ve\/web\/wp-content\/uploads\/2025\/05\/5657_20131223_101036.jpg?fit=1024%2C576&ssl=1",1024,576,true],"1536x1536":["https:\/\/i0.wp.com\/skygroup.com.ve\/web\/wp-content\/uploads\/2025\/05\/5657_20131223_101036.jpg?fit=1080%2C608&ssl=1",1080,608,true],"2048x2048":["https:\/\/i0.wp.com\/skygroup.com.ve\/web\/wp-content\/uploads\/2025\/05\/5657_20131223_101036.jpg?fit=1080%2C608&ssl=1",1080,608,true],"woocommerce_thumbnail":["https:\/\/i0.wp.com\/skygroup.com.ve\/web\/wp-content\/uploads\/2025\/05\/5657_20131223_101036.jpg?resize=300%2C300&ssl=1",300,300,true],"woocommerce_single":["https:\/\/i0.wp.com\/skygroup.com.ve\/web\/wp-content\/uploads\/2025\/05\/5657_20131223_101036.jpg?fit=600%2C338&ssl=1",600,338,true],"woocommerce_gallery_thumbnail":["https:\/\/i0.wp.com\/skygroup.com.ve\/web\/wp-content\/uploads\/2025\/05\/5657_20131223_101036.jpg?resize=100%2C100&ssl=1",100,100,true]},"uagb_author_info":{"display_name":"adminweb","author_link":"https:\/\/skygroup.com.ve\/web\/author\/"},"uagb_comment_info":0,"uagb_excerpt":"Sky Group PLATINUM Vende Casa Urb. Prebo III Calle 127A","jetpack_sharing_enabled":true,"_links":{"self":[{"href":"https:\/\/skygroup.com.ve\/web\/wp-json\/wp\/v2\/product\/71189","targetHints":{"allow":["GET"]}}],"collection":[{"href":"https:\/\/skygroup.com.ve\/web\/wp-json\/wp\/v2\/product"}],"about":[{"href":"https:\/\/skygroup.com.ve\/web\/wp-json\/wp\/v2\/types\/product"}],"wp:featuredmedia":[{"embeddable":true,"href":"https:\/\/skygroup.com.ve\/web\/wp-json\/wp\/v2\/media\/70953"}],"wp:attachment":[{"href":"https:\/\/skygroup.com.ve\/web\/wp-json\/wp\/v2\/media?parent=71189"}],"wp:term":[{"taxonomy":"estado","embeddable":true,"href":"https:\/\/skygroup.com.ve\/web\/wp-json\/wp\/v2\/estado?post=71189"},{"taxonomy":"product_brand","embeddable":true,"href":"https:\/\/skygroup.com.ve\/web\/wp-json\/wp\/v2\/product_brand?post=71189"},{"taxonomy":"product_cat","embeddable":true,"href":"https:\/\/skygroup.com.ve\/web\/wp-json\/wp\/v2\/product_cat?post=71189"},{"taxonomy":"product_tag","embeddable":true,"href":"https:\/\/skygroup.com.ve\/web\/wp-json\/wp\/v2\/product_tag?post=71189"}],"curies":[{"name":"wp","href":"https:\/\/api.w.org\/{rel}","templated":true}]}}