{"id":73733,"date":"2025-06-04T22:01:50","date_gmt":"2025-06-05T02:01:50","guid":{"rendered":"https:\/\/skygroup.com.ve\/web\/producto\/plof-140-oficina-en-alquiler-cubiculo-odontologico-02-cc-concepto-la-vina\/"},"modified":"2026-04-07T20:52:24","modified_gmt":"2026-04-08T00:52:24","slug":"plof-140-oficina-en-alquiler-cubiculo-odontologico-02-cc-concepto-la-vina","status":"publish","type":"product","link":"https:\/\/skygroup.com.ve\/web\/producto\/plof-140-oficina-en-alquiler-cubiculo-odontologico-02-cc-concepto-la-vina\/","title":{"rendered":"PLOF-140 Oficina en Alquiler Cub\u00edculo Odontol\u00f3gico #02, Cc Concepto La Vi\u00f1a"},"content":{"rendered":"<p>Sky Group Alquila Oficina Cub\u00edculo Odontol\u00f3gico #02, CC Concepto La Vi\u00f1a<\/p>\n<p>Disponible 1 CUBICULO Odontol\u00f3gico, C.C Concepto La Vi\u00f1a, Estado Carabobo.<br \/>\nCon la siguiente medida:<br \/>\nCUBICULO: #02 MEDIDAS: 5,20m2<\/p>\n<p>Caracter\u00edsticas:<br \/>\n\u2022\tDotada con Silla Odontol\u00f3gica autom\u00e1tica Marca Alda.<br \/>\n\u2022\tSistema de agua potable presurizada.<br \/>\n\u2022\tSistema de aire comprimido.<br \/>\n\u2022\tSistema de succi\u00f3n.<br \/>\n\u2022\tMobiliario para guardar material y sus pertenencias.<br \/>\nAmenidades:<br \/>\n\u2022\tSala de espera con recepci\u00f3n y sistema de anuncio al m\u00e9dico.<br \/>\n\u2022\tLobby para pacientes.<br \/>\n\u2022\t\u00c1rea de esterilizaci\u00f3n dotado con nevera ejecutiva, autoclave, microondas, cafetera, lavabo, gaveteros.<br \/>\n\u2022\t1 Ba\u00f1o.<br \/>\n\u2022\tSet fotogr\u00e1fico.<br \/>\n\u2022\tCircuito de C\u00e1maras de seguridad.<br \/>\n\u2022\tSistema de hilo musical.<br \/>\n\u2022\tRayos y Cavitr\u00f3n de uso Com\u00fan.<br \/>\n\u2022\tPlanta el\u00e9ctrica 100%.<br \/>\n\u2022\tSistema Central de aire acondicionado.<br \/>\n\u2022\tC.C cuenta con Seguridad las 24\/7.<br \/>\n\u2022\tSistema lector HID para acceso al Consultorio.<br \/>\n\u2022\tWIFI<\/p>\n","protected":false},"excerpt":{"rendered":"<p>Sky Group PLATINUM Alquila Oficina Cub\u00edculo Odontol\u00f3gico #02, Cc Concepto La Vi\u00f1a<\/p>\n","protected":false},"featured_media":73621,"template":"","meta":{"_acf_changed":false,"_uag_custom_page_level_css":"","site-sidebar-layout":"default","site-content-layout":"","ast-site-content-layout":"default","site-content-style":"default","site-sidebar-style":"default","ast-global-header-display":"","ast-banner-title-visibility":"","ast-main-header-display":"","ast-hfb-above-header-display":"","ast-hfb-below-header-display":"","ast-hfb-mobile-header-display":"","site-post-title":"","ast-breadcrumbs-content":"","ast-featured-img":"","footer-sml-layout":"","ast-disable-related-posts":"","theme-transparent-header-meta":"default","adv-header-id-meta":"","stick-header-meta":"","header-above-stick-meta":"","header-main-stick-meta":"","header-below-stick-meta":"","astra-migrate-meta-layouts":"set","ast-page-background-enabled":"default","ast-page-background-meta":{"desktop":{"background-color":"var(--ast-global-color-4)","background-image":"","background-repeat":"repeat","background-position":"center center","background-size":"auto","background-attachment":"scroll","background-type":"","background-media":"","overlay-type":"","overlay-color":"","overlay-opacity":"","overlay-gradient":""},"tablet":{"background-color":"","background-image":"","background-repeat":"repeat","background-position":"center center","background-size":"auto","background-attachment":"scroll","background-type":"","background-media":"","overlay-type":"","overlay-color":"","overlay-opacity":"","overlay-gradient":""},"mobile":{"background-color":"","background-image":"","background-repeat":"repeat","background-position":"center center","background-size":"auto","background-attachment":"scroll","background-type":"","background-media":"","overlay-type":"","overlay-color":"","overlay-opacity":"","overlay-gradient":""}},"ast-content-background-meta":{"desktop":{"background-color":"var(--ast-global-color-5)","background-image":"","background-repeat":"repeat","background-position":"center center","background-size":"auto","background-attachment":"scroll","background-type":"","background-media":"","overlay-type":"","overlay-color":"","overlay-opacity":"","overlay-gradient":""},"tablet":{"background-color":"var(--ast-global-color-5)","background-image":"","background-repeat":"repeat","background-position":"center center","background-size":"auto","background-attachment":"scroll","background-type":"","background-media":"","overlay-type":"","overlay-color":"","overlay-opacity":"","overlay-gradient":""},"mobile":{"background-color":"var(--ast-global-color-5)","background-image":"","background-repeat":"repeat","background-position":"center center","background-size":"auto","background-attachment":"scroll","background-type":"","background-media":"","overlay-type":"","overlay-color":"","overlay-opacity":"","overlay-gradient":""}},"jetpack_post_was_ever_published":false,"_joinchat":{"telephone":"+584122572730"}},"estado":[],"product_brand":[557],"product_cat":[57],"product_tag":[297],"class_list":{"0":"post-73733","1":"product","2":"type-product","3":"status-publish","4":"has-post-thumbnail","6":"product_brand-platinum","7":"product_cat-oficina","8":"product_tag-null","9":"product_shipping_class-null","10":"pa_asesor-atr-miguel-angel-linares-lopez","11":"pa_oficina-atr-platinum","12":"pa_ubicacion-carabobo","13":"desktop-align-left","14":"tablet-align-left","15":"mobile-align-left","17":"first","18":"instock","19":"shipping-taxable","20":"purchasable","21":"product-type-simple"},"acf":[],"uagb_featured_image_src":{"full":["https:\/\/i0.wp.com\/skygroup.com.ve\/web\/wp-content\/uploads\/2025\/06\/8531_1.jpeg?fit=800%2C600&ssl=1",800,600,false],"thumbnail":["https:\/\/i0.wp.com\/skygroup.com.ve\/web\/wp-content\/uploads\/2025\/06\/8531_1.jpeg?resize=150%2C150&ssl=1",150,150,true],"medium":["https:\/\/i0.wp.com\/skygroup.com.ve\/web\/wp-content\/uploads\/2025\/06\/8531_1.jpeg?fit=300%2C225&ssl=1",300,225,true],"medium_large":["https:\/\/i0.wp.com\/skygroup.com.ve\/web\/wp-content\/uploads\/2025\/06\/8531_1.jpeg?fit=768%2C576&ssl=1",768,576,true],"large":["https:\/\/i0.wp.com\/skygroup.com.ve\/web\/wp-content\/uploads\/2025\/06\/8531_1.jpeg?fit=800%2C600&ssl=1",800,600,true],"1536x1536":["https:\/\/i0.wp.com\/skygroup.com.ve\/web\/wp-content\/uploads\/2025\/06\/8531_1.jpeg?fit=800%2C600&ssl=1",800,600,true],"2048x2048":["https:\/\/i0.wp.com\/skygroup.com.ve\/web\/wp-content\/uploads\/2025\/06\/8531_1.jpeg?fit=800%2C600&ssl=1",800,600,true],"woocommerce_thumbnail":["https:\/\/i0.wp.com\/skygroup.com.ve\/web\/wp-content\/uploads\/2025\/06\/8531_1.jpeg?resize=300%2C300&ssl=1",300,300,true],"woocommerce_single":["https:\/\/i0.wp.com\/skygroup.com.ve\/web\/wp-content\/uploads\/2025\/06\/8531_1.jpeg?fit=600%2C450&ssl=1",600,450,true],"woocommerce_gallery_thumbnail":["https:\/\/i0.wp.com\/skygroup.com.ve\/web\/wp-content\/uploads\/2025\/06\/8531_1.jpeg?resize=100%2C100&ssl=1",100,100,true]},"uagb_author_info":{"display_name":"adminweb","author_link":"https:\/\/skygroup.com.ve\/web\/author\/"},"uagb_comment_info":0,"uagb_excerpt":"Sky Group PLATINUM Alquila Oficina Cub\u00edculo Odontol\u00f3gico #02, Cc Concepto La Vi\u00f1a","jetpack_sharing_enabled":true,"_links":{"self":[{"href":"https:\/\/skygroup.com.ve\/web\/wp-json\/wp\/v2\/product\/73733","targetHints":{"allow":["GET"]}}],"collection":[{"href":"https:\/\/skygroup.com.ve\/web\/wp-json\/wp\/v2\/product"}],"about":[{"href":"https:\/\/skygroup.com.ve\/web\/wp-json\/wp\/v2\/types\/product"}],"wp:featuredmedia":[{"embeddable":true,"href":"https:\/\/skygroup.com.ve\/web\/wp-json\/wp\/v2\/media\/73621"}],"wp:attachment":[{"href":"https:\/\/skygroup.com.ve\/web\/wp-json\/wp\/v2\/media?parent=73733"}],"wp:term":[{"taxonomy":"estado","embeddable":true,"href":"https:\/\/skygroup.com.ve\/web\/wp-json\/wp\/v2\/estado?post=73733"},{"taxonomy":"product_brand","embeddable":true,"href":"https:\/\/skygroup.com.ve\/web\/wp-json\/wp\/v2\/product_brand?post=73733"},{"taxonomy":"product_cat","embeddable":true,"href":"https:\/\/skygroup.com.ve\/web\/wp-json\/wp\/v2\/product_cat?post=73733"},{"taxonomy":"product_tag","embeddable":true,"href":"https:\/\/skygroup.com.ve\/web\/wp-json\/wp\/v2\/product_tag?post=73733"}],"curies":[{"name":"wp","href":"https:\/\/api.w.org\/{rel}","templated":true}]}}