{"id":75735,"date":"2025-06-23T10:32:12","date_gmt":"2025-06-23T14:32:12","guid":{"rendered":"https:\/\/skygroup.com.ve\/web\/producto\/plg-162-galpon-en-venta-urbanizacion-industrial-carabobo\/"},"modified":"2026-04-07T20:52:29","modified_gmt":"2026-04-08T00:52:29","slug":"plg-162-galpon-en-venta-urbanizacion-industrial-carabobo","status":"publish","type":"product","link":"https:\/\/skygroup.com.ve\/web\/producto\/plg-162-galpon-en-venta-urbanizacion-industrial-carabobo\/","title":{"rendered":"PLG-162 Galpon en Alquiler Urbanizaci\u00f3n Industrial Carabobo"},"content":{"rendered":"<p>Sky Group Platinum Alquila Galp\u00f3n Industrial de Primera en Urb. Industrial Carabobo<\/p>\n<p>Oportunidad \u00fanica <\/p>\n<p>\u00a1Invierte inteligentemente en el coraz\u00f3n productivo de Valencia! , una zona vibrante y estrat\u00e9gica rodeada de importantes industrias y comercios, con facil acceso a la Avenida Prolongaci\u00f3n Michelena y Autopista ,<br \/>\nEsta propiedad representa la mejor inversi\u00f3n en galpones industriales del momento, ofreciendo una combinaci\u00f3n inmejorable de espacio, ubicaci\u00f3n y funcionalidad.<br \/>\nCaracter\u00edsticas Destacadas:<br \/>\n\u2022 \u00c1rea Total de terreno 7200 m2 y una construcci\u00f3n de 3172,34 m2 , este galp\u00f3n ofrece un espacio generoso y vers\u00e1til para cualquier tipo de operaci\u00f3n industrial o comercial.<br \/>\nCuenta con excelentes oficinas completamente<br \/>\namobladas, listas para ser utilizadas desde el primer d\u00eda, garantizando comodidad y eficiencia para su equipo administrativo, incluye amplias \u00e1reas de dep\u00f3sito, taller  y otros<br \/>\nNo deje pasar esta inmejorable oportunidad de adquirir un activo de alto valor, en el panorama industrial de Valencia.<\/p>\n","protected":false},"excerpt":{"rendered":"<p>Sky Group PLATINUM Alquila Galpon Urbanizaci\u00f3n Industrial Carabobo<\/p>\n","protected":false},"featured_media":75636,"template":"","meta":{"_acf_changed":false,"_uag_custom_page_level_css":"","site-sidebar-layout":"default","site-content-layout":"","ast-site-content-layout":"default","site-content-style":"default","site-sidebar-style":"default","ast-global-header-display":"","ast-banner-title-visibility":"","ast-main-header-display":"","ast-hfb-above-header-display":"","ast-hfb-below-header-display":"","ast-hfb-mobile-header-display":"","site-post-title":"","ast-breadcrumbs-content":"","ast-featured-img":"","footer-sml-layout":"","ast-disable-related-posts":"","theme-transparent-header-meta":"default","adv-header-id-meta":"","stick-header-meta":"","header-above-stick-meta":"","header-main-stick-meta":"","header-below-stick-meta":"","astra-migrate-meta-layouts":"default","ast-page-background-enabled":"default","ast-page-background-meta":{"desktop":{"background-color":"var(--ast-global-color-4)","background-image":"","background-repeat":"repeat","background-position":"center center","background-size":"auto","background-attachment":"scroll","background-type":"","background-media":"","overlay-type":"","overlay-color":"","overlay-opacity":"","overlay-gradient":""},"tablet":{"background-color":"","background-image":"","background-repeat":"repeat","background-position":"center center","background-size":"auto","background-attachment":"scroll","background-type":"","background-media":"","overlay-type":"","overlay-color":"","overlay-opacity":"","overlay-gradient":""},"mobile":{"background-color":"","background-image":"","background-repeat":"repeat","background-position":"center center","background-size":"auto","background-attachment":"scroll","background-type":"","background-media":"","overlay-type":"","overlay-color":"","overlay-opacity":"","overlay-gradient":""}},"ast-content-background-meta":{"desktop":{"background-color":"var(--ast-global-color-5)","background-image":"","background-repeat":"repeat","background-position":"center center","background-size":"auto","background-attachment":"scroll","background-type":"","background-media":"","overlay-type":"","overlay-color":"","overlay-opacity":"","overlay-gradient":""},"tablet":{"background-color":"var(--ast-global-color-5)","background-image":"","background-repeat":"repeat","background-position":"center center","background-size":"auto","background-attachment":"scroll","background-type":"","background-media":"","overlay-type":"","overlay-color":"","overlay-opacity":"","overlay-gradient":""},"mobile":{"background-color":"var(--ast-global-color-5)","background-image":"","background-repeat":"repeat","background-position":"center center","background-size":"auto","background-attachment":"scroll","background-type":"","background-media":"","overlay-type":"","overlay-color":"","overlay-opacity":"","overlay-gradient":""}},"jetpack_post_was_ever_published":false,"_joinchat":{"telephone":"+584244171175"}},"estado":[],"product_brand":[557],"product_cat":[115],"product_tag":[297],"class_list":{"0":"post-75735","1":"product","2":"type-product","3":"status-publish","4":"has-post-thumbnail","6":"product_brand-platinum","7":"product_cat-galpon","8":"product_tag-null","9":"product_shipping_class-null","10":"pa_asesor-atr-norail-machado-mejias","11":"pa_oficina-atr-platinum","12":"pa_ubicacion-carabobo","13":"desktop-align-left","14":"tablet-align-left","15":"mobile-align-left","17":"first","18":"instock","19":"shipping-taxable","20":"purchasable","21":"product-type-simple"},"acf":[],"uagb_featured_image_src":{"full":["https:\/\/i0.wp.com\/skygroup.com.ve\/web\/wp-content\/uploads\/2025\/06\/8662_2.jpeg?fit=608%2C600&ssl=1",608,600,false],"thumbnail":["https:\/\/i0.wp.com\/skygroup.com.ve\/web\/wp-content\/uploads\/2025\/06\/8662_2.jpeg?resize=150%2C150&ssl=1",150,150,true],"medium":["https:\/\/i0.wp.com\/skygroup.com.ve\/web\/wp-content\/uploads\/2025\/06\/8662_2.jpeg?fit=300%2C296&ssl=1",300,296,true],"medium_large":["https:\/\/i0.wp.com\/skygroup.com.ve\/web\/wp-content\/uploads\/2025\/06\/8662_2.jpeg?fit=608%2C600&ssl=1",608,600,true],"large":["https:\/\/i0.wp.com\/skygroup.com.ve\/web\/wp-content\/uploads\/2025\/06\/8662_2.jpeg?fit=608%2C600&ssl=1",608,600,true],"1536x1536":["https:\/\/i0.wp.com\/skygroup.com.ve\/web\/wp-content\/uploads\/2025\/06\/8662_2.jpeg?fit=608%2C600&ssl=1",608,600,true],"2048x2048":["https:\/\/i0.wp.com\/skygroup.com.ve\/web\/wp-content\/uploads\/2025\/06\/8662_2.jpeg?fit=608%2C600&ssl=1",608,600,true],"woocommerce_thumbnail":["https:\/\/i0.wp.com\/skygroup.com.ve\/web\/wp-content\/uploads\/2025\/06\/8662_2.jpeg?resize=300%2C300&ssl=1",300,300,true],"woocommerce_single":["https:\/\/i0.wp.com\/skygroup.com.ve\/web\/wp-content\/uploads\/2025\/06\/8662_2.jpeg?fit=600%2C592&ssl=1",600,592,true],"woocommerce_gallery_thumbnail":["https:\/\/i0.wp.com\/skygroup.com.ve\/web\/wp-content\/uploads\/2025\/06\/8662_2.jpeg?resize=100%2C100&ssl=1",100,100,true]},"uagb_author_info":{"display_name":"adminweb","author_link":"https:\/\/skygroup.com.ve\/web\/author\/"},"uagb_comment_info":0,"uagb_excerpt":"Sky Group PLATINUM Alquila Galpon Urbanizaci\u00f3n Industrial Carabobo","jetpack_sharing_enabled":true,"_links":{"self":[{"href":"https:\/\/skygroup.com.ve\/web\/wp-json\/wp\/v2\/product\/75735","targetHints":{"allow":["GET"]}}],"collection":[{"href":"https:\/\/skygroup.com.ve\/web\/wp-json\/wp\/v2\/product"}],"about":[{"href":"https:\/\/skygroup.com.ve\/web\/wp-json\/wp\/v2\/types\/product"}],"wp:featuredmedia":[{"embeddable":true,"href":"https:\/\/skygroup.com.ve\/web\/wp-json\/wp\/v2\/media\/75636"}],"wp:attachment":[{"href":"https:\/\/skygroup.com.ve\/web\/wp-json\/wp\/v2\/media?parent=75735"}],"wp:term":[{"taxonomy":"estado","embeddable":true,"href":"https:\/\/skygroup.com.ve\/web\/wp-json\/wp\/v2\/estado?post=75735"},{"taxonomy":"product_brand","embeddable":true,"href":"https:\/\/skygroup.com.ve\/web\/wp-json\/wp\/v2\/product_brand?post=75735"},{"taxonomy":"product_cat","embeddable":true,"href":"https:\/\/skygroup.com.ve\/web\/wp-json\/wp\/v2\/product_cat?post=75735"},{"taxonomy":"product_tag","embeddable":true,"href":"https:\/\/skygroup.com.ve\/web\/wp-json\/wp\/v2\/product_tag?post=75735"}],"curies":[{"name":"wp","href":"https:\/\/api.w.org\/{rel}","templated":true}]}}