{"id":76257,"date":"2025-06-27T11:25:23","date_gmt":"2025-06-27T15:25:23","guid":{"rendered":"https:\/\/skygroup.com.ve\/web\/producto\/plc-1198-casa-en-venta-sector-nuevo-pueblo-norte\/"},"modified":"2026-04-07T20:52:30","modified_gmt":"2026-04-08T00:52:30","slug":"plc-1198-casa-en-venta-sector-nuevo-pueblo-norte","status":"publish","type":"product","link":"https:\/\/skygroup.com.ve\/web\/producto\/plc-1198-casa-en-venta-sector-nuevo-pueblo-norte\/","title":{"rendered":"PLC-1198 Casa en Venta Sector Nuevo Pueblo Norte"},"content":{"rendered":"<p>SKY GROUP Platinum Vende<\/p>\n<p>Casa en sector Nuevo Pueblo Norte de la ciudad de Punto Fijo estado Falc\u00f3n. Dicha propiedad cuenta con 183 m2 de construcci\u00f3n sobre 1000 m2 de terreno aproximadamente, que puede ser utilizado con fines industriales ideal para el estacionamiento de veh\u00edculos de carga pesada, almacenamiento de materiales, entre otros, por la disponibilidad de terreno abierto y libre, perfecto para albergar gran cantidad de veh\u00edculos, equipos, maquinas y\/o materiales.<\/p>\n<p>La casa cuenta con la disponibilidad de todos los servicios p\u00fablicos como agua servidas y potable, electricidad y recolecci\u00f3n desechos s\u00f3lidos, adem\u00e1s, se encuentra en el centro de la ciudad con f\u00e1cil acceso para su entrada y salida, cercana a avenida principal, estaciones de servicio, restaurantes, cl\u00ednicas y dem\u00e1s comercios que la hacen estrat\u00e9gicamente accesible desde el punto de vista log\u00edstico y ubicaci\u00f3n.<\/p>\n<p>La propiedad este distribuida de la siguiente manera:<br \/>\n(1) Sala\/comedor<br \/>\n(1) Cocina<br \/>\n(1) Ba\u00f1o<br \/>\n(1) \u00bd ba\u00f1os ubicado en el \u00e1rea externa<br \/>\n(2) Habitaciones<br \/>\n(1) Oficina<br \/>\n(1) Cuarto de deposito<br \/>\n(1) Lavadero<\/p>\n<p>PLUS:<br \/>\n* Ubicaci\u00f3n en el centro de la ciudad<br \/>\n* Suficiente espacio disponible para ser utilizado a gusto y criterio particular.<br \/>\n* (1) Galp\u00f3n techado de 500 m2 aproximadamente.<br \/>\n* Papeles de la propiedad listos para ser traspasado.<br \/>\n* Tanque subterr\u00e1neo de almacenamiento de 10 mil LTS<\/p>\n","protected":false},"excerpt":{"rendered":"<p>Sky Group PLATINUM Vende Casa Sector Nuevo Pueblo Norte<\/p>\n","protected":false},"featured_media":76074,"template":"","meta":{"_acf_changed":false,"_uag_custom_page_level_css":"","site-sidebar-layout":"default","site-content-layout":"","ast-site-content-layout":"default","site-content-style":"default","site-sidebar-style":"default","ast-global-header-display":"","ast-banner-title-visibility":"","ast-main-header-display":"","ast-hfb-above-header-display":"","ast-hfb-below-header-display":"","ast-hfb-mobile-header-display":"","site-post-title":"","ast-breadcrumbs-content":"","ast-featured-img":"","footer-sml-layout":"","ast-disable-related-posts":"","theme-transparent-header-meta":"default","adv-header-id-meta":"","stick-header-meta":"","header-above-stick-meta":"","header-main-stick-meta":"","header-below-stick-meta":"","astra-migrate-meta-layouts":"default","ast-page-background-enabled":"default","ast-page-background-meta":{"desktop":{"background-color":"var(--ast-global-color-4)","background-image":"","background-repeat":"repeat","background-position":"center center","background-size":"auto","background-attachment":"scroll","background-type":"","background-media":"","overlay-type":"","overlay-color":"","overlay-opacity":"","overlay-gradient":""},"tablet":{"background-color":"","background-image":"","background-repeat":"repeat","background-position":"center center","background-size":"auto","background-attachment":"scroll","background-type":"","background-media":"","overlay-type":"","overlay-color":"","overlay-opacity":"","overlay-gradient":""},"mobile":{"background-color":"","background-image":"","background-repeat":"repeat","background-position":"center center","background-size":"auto","background-attachment":"scroll","background-type":"","background-media":"","overlay-type":"","overlay-color":"","overlay-opacity":"","overlay-gradient":""}},"ast-content-background-meta":{"desktop":{"background-color":"var(--ast-global-color-5)","background-image":"","background-repeat":"repeat","background-position":"center center","background-size":"auto","background-attachment":"scroll","background-type":"","background-media":"","overlay-type":"","overlay-color":"","overlay-opacity":"","overlay-gradient":""},"tablet":{"background-color":"var(--ast-global-color-5)","background-image":"","background-repeat":"repeat","background-position":"center center","background-size":"auto","background-attachment":"scroll","background-type":"","background-media":"","overlay-type":"","overlay-color":"","overlay-opacity":"","overlay-gradient":""},"mobile":{"background-color":"var(--ast-global-color-5)","background-image":"","background-repeat":"repeat","background-position":"center center","background-size":"auto","background-attachment":"scroll","background-type":"","background-media":"","overlay-type":"","overlay-color":"","overlay-opacity":"","overlay-gradient":""}},"jetpack_post_was_ever_published":false,"_joinchat":{"telephone":"+584122961982"}},"estado":[],"product_brand":[557],"product_cat":[47],"product_tag":[297],"class_list":{"0":"post-76257","1":"product","2":"type-product","3":"status-publish","4":"has-post-thumbnail","6":"product_brand-platinum","7":"product_cat-casa","8":"product_tag-null","9":"product_shipping_class-null","10":"pa_asesor-atr-jhoan-rafael-adarme-rodriguez","11":"pa_oficina-atr-platinum","12":"pa_ubicacion-falcon","13":"desktop-align-left","14":"tablet-align-left","15":"mobile-align-left","17":"first","18":"instock","19":"shipping-taxable","20":"purchasable","21":"product-type-simple"},"acf":[],"uagb_featured_image_src":{"full":["https:\/\/i0.wp.com\/skygroup.com.ve\/web\/wp-content\/uploads\/2025\/06\/8668_1.jpeg?fit=1024%2C610&ssl=1",1024,610,false],"thumbnail":["https:\/\/i0.wp.com\/skygroup.com.ve\/web\/wp-content\/uploads\/2025\/06\/8668_1.jpeg?resize=150%2C150&ssl=1",150,150,true],"medium":["https:\/\/i0.wp.com\/skygroup.com.ve\/web\/wp-content\/uploads\/2025\/06\/8668_1.jpeg?fit=300%2C179&ssl=1",300,179,true],"medium_large":["https:\/\/i0.wp.com\/skygroup.com.ve\/web\/wp-content\/uploads\/2025\/06\/8668_1.jpeg?fit=768%2C458&ssl=1",768,458,true],"large":["https:\/\/i0.wp.com\/skygroup.com.ve\/web\/wp-content\/uploads\/2025\/06\/8668_1.jpeg?fit=1024%2C610&ssl=1",1024,610,true],"1536x1536":["https:\/\/i0.wp.com\/skygroup.com.ve\/web\/wp-content\/uploads\/2025\/06\/8668_1.jpeg?fit=1024%2C610&ssl=1",1024,610,true],"2048x2048":["https:\/\/i0.wp.com\/skygroup.com.ve\/web\/wp-content\/uploads\/2025\/06\/8668_1.jpeg?fit=1024%2C610&ssl=1",1024,610,true],"woocommerce_thumbnail":["https:\/\/i0.wp.com\/skygroup.com.ve\/web\/wp-content\/uploads\/2025\/06\/8668_1.jpeg?resize=300%2C300&ssl=1",300,300,true],"woocommerce_single":["https:\/\/i0.wp.com\/skygroup.com.ve\/web\/wp-content\/uploads\/2025\/06\/8668_1.jpeg?fit=600%2C357&ssl=1",600,357,true],"woocommerce_gallery_thumbnail":["https:\/\/i0.wp.com\/skygroup.com.ve\/web\/wp-content\/uploads\/2025\/06\/8668_1.jpeg?resize=100%2C100&ssl=1",100,100,true]},"uagb_author_info":{"display_name":"adminweb","author_link":"https:\/\/skygroup.com.ve\/web\/author\/"},"uagb_comment_info":0,"uagb_excerpt":"Sky Group PLATINUM Vende Casa Sector Nuevo Pueblo Norte","jetpack_sharing_enabled":true,"_links":{"self":[{"href":"https:\/\/skygroup.com.ve\/web\/wp-json\/wp\/v2\/product\/76257","targetHints":{"allow":["GET"]}}],"collection":[{"href":"https:\/\/skygroup.com.ve\/web\/wp-json\/wp\/v2\/product"}],"about":[{"href":"https:\/\/skygroup.com.ve\/web\/wp-json\/wp\/v2\/types\/product"}],"wp:featuredmedia":[{"embeddable":true,"href":"https:\/\/skygroup.com.ve\/web\/wp-json\/wp\/v2\/media\/76074"}],"wp:attachment":[{"href":"https:\/\/skygroup.com.ve\/web\/wp-json\/wp\/v2\/media?parent=76257"}],"wp:term":[{"taxonomy":"estado","embeddable":true,"href":"https:\/\/skygroup.com.ve\/web\/wp-json\/wp\/v2\/estado?post=76257"},{"taxonomy":"product_brand","embeddable":true,"href":"https:\/\/skygroup.com.ve\/web\/wp-json\/wp\/v2\/product_brand?post=76257"},{"taxonomy":"product_cat","embeddable":true,"href":"https:\/\/skygroup.com.ve\/web\/wp-json\/wp\/v2\/product_cat?post=76257"},{"taxonomy":"product_tag","embeddable":true,"href":"https:\/\/skygroup.com.ve\/web\/wp-json\/wp\/v2\/product_tag?post=76257"}],"curies":[{"name":"wp","href":"https:\/\/api.w.org\/{rel}","templated":true}]}}