{"id":76258,"date":"2025-06-27T11:25:28","date_gmt":"2025-06-27T15:25:28","guid":{"rendered":"https:\/\/skygroup.com.ve\/web\/producto\/elph-147-pent-house-en-venta-residencias-villa-pintas-urb-el-parral-valencia-carabobo-2\/"},"modified":"2026-04-07T20:52:30","modified_gmt":"2026-04-08T00:52:30","slug":"elph-147-pent-house-en-venta-residencias-villa-pintas-urb-el-parral-valencia-carabobo-2","status":"publish","type":"product","link":"https:\/\/skygroup.com.ve\/web\/producto\/elph-147-pent-house-en-venta-residencias-villa-pintas-urb-el-parral-valencia-carabobo-2\/","title":{"rendered":"ELPH-147 Pent House en Venta Residencias Villa Pintas, Urb El Parral, Valencia Carabobo"},"content":{"rendered":"<p>SKY GROUP ELEGANCE VENDE Pent House en Res. Villa Pintas, Urb. El Parral, Valencia, Edo. Carabobo<\/p>\n<p>Edificio de pocas familias, forrado en tablillas.<br \/>\nS\u00f3lo 8 apartamentos<br \/>\nVendo apto distinguido con el n\u00famero 7 en obra gris<\/p>\n<p>410mts de terreno, distribuidos de la siguiente manera:<br \/>\n270mts de \u00e1rea construida<br \/>\n80mts de \u00e1rea de terraza techada<br \/>\n60mts de \u00e1rea de terraza descubierta <\/p>\n<p>Al entrar nos encontramos con:<br \/>\nVest\u00edbulo.<br \/>\n\u00c1rea para estudio con ba\u00f1o.<br \/>\nSala-comedor con balc\u00f3n.<br \/>\n\u00c1rea de cocina.<br \/>\n\u00c1rea de faena.<br \/>\nHabitaci\u00f3n de servicio con ba\u00f1o.<br \/>\nPuerta de entrada de servicio.<\/p>\n<p>Planta Baja:<br \/>\n3 habitaciones amplias, todas con \u00e1rea de ba\u00f1o.<br \/>\nLa principal con \u00e1rea de Vestier y jacuzzi<br \/>\nFamily room<\/p>\n<p>Planta Alta:<br \/>\nTerraza techada de 80mts (\u00e1rea de habitaci\u00f3n con ba\u00f1o para hu\u00e9spedes)<br \/>\nTerraza descubierta de 60mts<\/p>\n<p>Estacionamiento d\u00faplex en s\u00f3tano, con capacidad para 4 veh\u00edculos, ubicado con el n\u00fam. 7<br \/>\nMaletero<br \/>\nPLANTA EL\u00c9CTRICA 100%<br \/>\nTanque de agua sobredimensionado de 65.000 litros. (Con sistema de filtrado y purificador)<br \/>\nExcelente ubicaci\u00f3n, cercano a supermercados, colegios, comercios, entre otros.<br \/>\nAcepta financiamiento<\/p>\n","protected":false},"excerpt":{"rendered":"<p>Sky Group ELEGANCE &#8211; VALENCIA Vende Pent House Residencias Villa Pintas, Urb El Parral, Valencia Carabobo<\/p>\n","protected":false},"featured_media":76471,"template":"","meta":{"_acf_changed":false,"_uag_custom_page_level_css":"","site-sidebar-layout":"default","site-content-layout":"","ast-site-content-layout":"default","site-content-style":"default","site-sidebar-style":"default","ast-global-header-display":"","ast-banner-title-visibility":"","ast-main-header-display":"","ast-hfb-above-header-display":"","ast-hfb-below-header-display":"","ast-hfb-mobile-header-display":"","site-post-title":"","ast-breadcrumbs-content":"","ast-featured-img":"","footer-sml-layout":"","ast-disable-related-posts":"","theme-transparent-header-meta":"default","adv-header-id-meta":"","stick-header-meta":"","header-above-stick-meta":"","header-main-stick-meta":"","header-below-stick-meta":"","astra-migrate-meta-layouts":"set","ast-page-background-enabled":"default","ast-page-background-meta":{"desktop":{"background-color":"var(--ast-global-color-4)","background-image":"","background-repeat":"repeat","background-position":"center center","background-size":"auto","background-attachment":"scroll","background-type":"","background-media":"","overlay-type":"","overlay-color":"","overlay-opacity":"","overlay-gradient":""},"tablet":{"background-color":"","background-image":"","background-repeat":"repeat","background-position":"center center","background-size":"auto","background-attachment":"scroll","background-type":"","background-media":"","overlay-type":"","overlay-color":"","overlay-opacity":"","overlay-gradient":""},"mobile":{"background-color":"","background-image":"","background-repeat":"repeat","background-position":"center center","background-size":"auto","background-attachment":"scroll","background-type":"","background-media":"","overlay-type":"","overlay-color":"","overlay-opacity":"","overlay-gradient":""}},"ast-content-background-meta":{"desktop":{"background-color":"var(--ast-global-color-5)","background-image":"","background-repeat":"repeat","background-position":"center center","background-size":"auto","background-attachment":"scroll","background-type":"","background-media":"","overlay-type":"","overlay-color":"","overlay-opacity":"","overlay-gradient":""},"tablet":{"background-color":"var(--ast-global-color-5)","background-image":"","background-repeat":"repeat","background-position":"center center","background-size":"auto","background-attachment":"scroll","background-type":"","background-media":"","overlay-type":"","overlay-color":"","overlay-opacity":"","overlay-gradient":""},"mobile":{"background-color":"var(--ast-global-color-5)","background-image":"","background-repeat":"repeat","background-position":"center center","background-size":"auto","background-attachment":"scroll","background-type":"","background-media":"","overlay-type":"","overlay-color":"","overlay-opacity":"","overlay-gradient":""}},"jetpack_post_was_ever_published":false,"_joinchat":{"telephone":"+584244672971"}},"estado":[],"product_brand":[563],"product_cat":[58],"product_tag":[297],"class_list":{"0":"post-76258","1":"product","2":"type-product","3":"status-publish","4":"has-post-thumbnail","6":"product_brand-elegance-valencia","7":"product_cat-pent-house","8":"product_tag-null","9":"product_shipping_class-null","10":"pa_asesor-atr-angelica-maria-rivas-briceno","11":"pa_oficina-atr-elegance-valencia","12":"pa_ubicacion-carabobo","13":"desktop-align-left","14":"tablet-align-left","15":"mobile-align-left","17":"first","18":"instock","19":"shipping-taxable","20":"purchasable","21":"product-type-simple"},"acf":[],"uagb_featured_image_src":{"full":["https:\/\/i0.wp.com\/skygroup.com.ve\/web\/wp-content\/uploads\/2025\/06\/8681_1-rotated.jpeg?fit=600%2C800&ssl=1",600,800,false],"thumbnail":["https:\/\/i0.wp.com\/skygroup.com.ve\/web\/wp-content\/uploads\/2025\/06\/8681_1-rotated.jpeg?resize=150%2C150&ssl=1",150,150,true],"medium":["https:\/\/i0.wp.com\/skygroup.com.ve\/web\/wp-content\/uploads\/2025\/06\/8681_1-rotated.jpeg?fit=225%2C300&ssl=1",225,300,true],"medium_large":["https:\/\/i0.wp.com\/skygroup.com.ve\/web\/wp-content\/uploads\/2025\/06\/8681_1-rotated.jpeg?fit=600%2C800&ssl=1",600,800,true],"large":["https:\/\/i0.wp.com\/skygroup.com.ve\/web\/wp-content\/uploads\/2025\/06\/8681_1-rotated.jpeg?fit=600%2C800&ssl=1",600,800,true],"1536x1536":["https:\/\/i0.wp.com\/skygroup.com.ve\/web\/wp-content\/uploads\/2025\/06\/8681_1-rotated.jpeg?fit=600%2C800&ssl=1",600,800,true],"2048x2048":["https:\/\/i0.wp.com\/skygroup.com.ve\/web\/wp-content\/uploads\/2025\/06\/8681_1-rotated.jpeg?fit=600%2C800&ssl=1",600,800,true],"woocommerce_thumbnail":["https:\/\/i0.wp.com\/skygroup.com.ve\/web\/wp-content\/uploads\/2025\/06\/8681_1-rotated.jpeg?resize=300%2C300&ssl=1",300,300,true],"woocommerce_single":["https:\/\/i0.wp.com\/skygroup.com.ve\/web\/wp-content\/uploads\/2025\/06\/8681_1-rotated.jpeg?fit=600%2C800&ssl=1",600,800,true],"woocommerce_gallery_thumbnail":["https:\/\/i0.wp.com\/skygroup.com.ve\/web\/wp-content\/uploads\/2025\/06\/8681_1-rotated.jpeg?resize=100%2C100&ssl=1",100,100,true]},"uagb_author_info":{"display_name":"adminweb","author_link":"https:\/\/skygroup.com.ve\/web\/author\/"},"uagb_comment_info":0,"uagb_excerpt":"Sky Group ELEGANCE - VALENCIA Vende Pent House Residencias Villa Pintas, Urb El Parral, Valencia Carabobo","jetpack_sharing_enabled":true,"_links":{"self":[{"href":"https:\/\/skygroup.com.ve\/web\/wp-json\/wp\/v2\/product\/76258","targetHints":{"allow":["GET"]}}],"collection":[{"href":"https:\/\/skygroup.com.ve\/web\/wp-json\/wp\/v2\/product"}],"about":[{"href":"https:\/\/skygroup.com.ve\/web\/wp-json\/wp\/v2\/types\/product"}],"wp:featuredmedia":[{"embeddable":true,"href":"https:\/\/skygroup.com.ve\/web\/wp-json\/wp\/v2\/media\/76471"}],"wp:attachment":[{"href":"https:\/\/skygroup.com.ve\/web\/wp-json\/wp\/v2\/media?parent=76258"}],"wp:term":[{"taxonomy":"estado","embeddable":true,"href":"https:\/\/skygroup.com.ve\/web\/wp-json\/wp\/v2\/estado?post=76258"},{"taxonomy":"product_brand","embeddable":true,"href":"https:\/\/skygroup.com.ve\/web\/wp-json\/wp\/v2\/product_brand?post=76258"},{"taxonomy":"product_cat","embeddable":true,"href":"https:\/\/skygroup.com.ve\/web\/wp-json\/wp\/v2\/product_cat?post=76258"},{"taxonomy":"product_tag","embeddable":true,"href":"https:\/\/skygroup.com.ve\/web\/wp-json\/wp\/v2\/product_tag?post=76258"}],"curies":[{"name":"wp","href":"https:\/\/api.w.org\/{rel}","templated":true}]}}