{"id":77531,"date":"2025-07-02T01:46:42","date_gmt":"2025-07-02T05:46:42","guid":{"rendered":"https:\/\/skygroup.com.ve\/web\/producto\/etl-022-local-en-alquiler-c-c-naranjillo\/"},"modified":"2026-04-07T20:52:37","modified_gmt":"2026-04-08T00:52:37","slug":"etl-022-local-en-alquiler-c-c-naranjillo","status":"publish","type":"product","link":"https:\/\/skygroup.com.ve\/web\/producto\/etl-022-local-en-alquiler-c-c-naranjillo\/","title":{"rendered":"ETL-022 Local en Alquiler C. C Naranjillo"},"content":{"rendered":"<p>Sky Group \u00c8lite Local Comercial C. C Naranjillo en Guacara diagonal a  Cauchos Pirelli<\/p>\n<p>El inmueble consta de tres a\u00e9reas comerciales, \u00e1rea de carga y descarga  estacionamiento privado y un \u00e1rea de establecimiento exterior con capacidad para 29 veh\u00edculos, se encuentra en un punto de gran afluencia y de f\u00e1cil acceso vehicular y peatonal.<\/p>\n<p>Posee un tanque subterr\u00e1neo de 25.000 litros<\/p>\n<p>Total \u00e1rea 1639M2 <\/p>\n<p>\u00c1rea total del terreno 1170,38<br \/>\n459 M2  de construcci\u00f3n<br \/>\n\u00c1rea de 3 locales<br \/>\nLocal 1  M2 52,83<br \/>\nLocal 2  M2 169,42<br \/>\nLocal 3 M2 130,18<\/p>\n<p>Canon 2.200 $<br \/>\n3 meses de dep\u00f3sito<br \/>\n2 adelantado<br \/>\n1 mes de comisi\u00f3n inmobiliaria<br \/>\nGastos de redacci\u00f3n de documento.<\/p>\n<p>Norelys Echeverr\u00eda<br \/>\n04244413301<\/p>\n","protected":false},"excerpt":{"rendered":"<p>Sky Group ELITE Alquila Local C. C Naranjillo<\/p>\n","protected":false},"featured_media":77238,"template":"","meta":{"_acf_changed":false,"_uag_custom_page_level_css":"","site-sidebar-layout":"default","site-content-layout":"","ast-site-content-layout":"default","site-content-style":"default","site-sidebar-style":"default","ast-global-header-display":"","ast-banner-title-visibility":"","ast-main-header-display":"","ast-hfb-above-header-display":"","ast-hfb-below-header-display":"","ast-hfb-mobile-header-display":"","site-post-title":"","ast-breadcrumbs-content":"","ast-featured-img":"","footer-sml-layout":"","ast-disable-related-posts":"","theme-transparent-header-meta":"default","adv-header-id-meta":"","stick-header-meta":"","header-above-stick-meta":"","header-main-stick-meta":"","header-below-stick-meta":"","astra-migrate-meta-layouts":"default","ast-page-background-enabled":"default","ast-page-background-meta":{"desktop":{"background-color":"var(--ast-global-color-4)","background-image":"","background-repeat":"repeat","background-position":"center center","background-size":"auto","background-attachment":"scroll","background-type":"","background-media":"","overlay-type":"","overlay-color":"","overlay-opacity":"","overlay-gradient":""},"tablet":{"background-color":"","background-image":"","background-repeat":"repeat","background-position":"center center","background-size":"auto","background-attachment":"scroll","background-type":"","background-media":"","overlay-type":"","overlay-color":"","overlay-opacity":"","overlay-gradient":""},"mobile":{"background-color":"","background-image":"","background-repeat":"repeat","background-position":"center center","background-size":"auto","background-attachment":"scroll","background-type":"","background-media":"","overlay-type":"","overlay-color":"","overlay-opacity":"","overlay-gradient":""}},"ast-content-background-meta":{"desktop":{"background-color":"var(--ast-global-color-5)","background-image":"","background-repeat":"repeat","background-position":"center center","background-size":"auto","background-attachment":"scroll","background-type":"","background-media":"","overlay-type":"","overlay-color":"","overlay-opacity":"","overlay-gradient":""},"tablet":{"background-color":"var(--ast-global-color-5)","background-image":"","background-repeat":"repeat","background-position":"center center","background-size":"auto","background-attachment":"scroll","background-type":"","background-media":"","overlay-type":"","overlay-color":"","overlay-opacity":"","overlay-gradient":""},"mobile":{"background-color":"var(--ast-global-color-5)","background-image":"","background-repeat":"repeat","background-position":"center center","background-size":"auto","background-attachment":"scroll","background-type":"","background-media":"","overlay-type":"","overlay-color":"","overlay-opacity":"","overlay-gradient":""}},"jetpack_post_was_ever_published":false,"_joinchat":{"telephone":"+584244413301"}},"estado":[],"product_brand":[567],"product_cat":[52],"product_tag":[297],"class_list":{"0":"post-77531","1":"product","2":"type-product","3":"status-publish","4":"has-post-thumbnail","6":"product_brand-elite","7":"product_cat-local","8":"product_tag-null","9":"product_shipping_class-null","10":"pa_asesor-atr-norelys-milagros-echeverria-de-orasma","11":"pa_oficina-atr-elite","12":"pa_ubicacion-carabobo","13":"desktop-align-left","14":"tablet-align-left","15":"mobile-align-left","17":"first","18":"instock","19":"shipping-taxable","20":"purchasable","21":"product-type-simple"},"acf":[],"uagb_featured_image_src":{"full":["https:\/\/i0.wp.com\/skygroup.com.ve\/web\/wp-content\/uploads\/2025\/07\/6926_1.jpeg?fit=780%2C1040&ssl=1",780,1040,false],"thumbnail":["https:\/\/i0.wp.com\/skygroup.com.ve\/web\/wp-content\/uploads\/2025\/07\/6926_1.jpeg?resize=150%2C150&ssl=1",150,150,true],"medium":["https:\/\/i0.wp.com\/skygroup.com.ve\/web\/wp-content\/uploads\/2025\/07\/6926_1.jpeg?fit=225%2C300&ssl=1",225,300,true],"medium_large":["https:\/\/i0.wp.com\/skygroup.com.ve\/web\/wp-content\/uploads\/2025\/07\/6926_1.jpeg?fit=768%2C1024&ssl=1",768,1024,true],"large":["https:\/\/i0.wp.com\/skygroup.com.ve\/web\/wp-content\/uploads\/2025\/07\/6926_1.jpeg?fit=768%2C1024&ssl=1",768,1024,true],"1536x1536":["https:\/\/i0.wp.com\/skygroup.com.ve\/web\/wp-content\/uploads\/2025\/07\/6926_1.jpeg?fit=780%2C1040&ssl=1",780,1040,true],"2048x2048":["https:\/\/i0.wp.com\/skygroup.com.ve\/web\/wp-content\/uploads\/2025\/07\/6926_1.jpeg?fit=780%2C1040&ssl=1",780,1040,true],"woocommerce_thumbnail":["https:\/\/i0.wp.com\/skygroup.com.ve\/web\/wp-content\/uploads\/2025\/07\/6926_1.jpeg?resize=300%2C300&ssl=1",300,300,true],"woocommerce_single":["https:\/\/i0.wp.com\/skygroup.com.ve\/web\/wp-content\/uploads\/2025\/07\/6926_1.jpeg?fit=600%2C800&ssl=1",600,800,true],"woocommerce_gallery_thumbnail":["https:\/\/i0.wp.com\/skygroup.com.ve\/web\/wp-content\/uploads\/2025\/07\/6926_1.jpeg?resize=100%2C100&ssl=1",100,100,true]},"uagb_author_info":{"display_name":"adminweb","author_link":"https:\/\/skygroup.com.ve\/web\/author\/"},"uagb_comment_info":0,"uagb_excerpt":"Sky Group ELITE Alquila Local C. C Naranjillo","jetpack_sharing_enabled":true,"_links":{"self":[{"href":"https:\/\/skygroup.com.ve\/web\/wp-json\/wp\/v2\/product\/77531","targetHints":{"allow":["GET"]}}],"collection":[{"href":"https:\/\/skygroup.com.ve\/web\/wp-json\/wp\/v2\/product"}],"about":[{"href":"https:\/\/skygroup.com.ve\/web\/wp-json\/wp\/v2\/types\/product"}],"wp:featuredmedia":[{"embeddable":true,"href":"https:\/\/skygroup.com.ve\/web\/wp-json\/wp\/v2\/media\/77238"}],"wp:attachment":[{"href":"https:\/\/skygroup.com.ve\/web\/wp-json\/wp\/v2\/media?parent=77531"}],"wp:term":[{"taxonomy":"estado","embeddable":true,"href":"https:\/\/skygroup.com.ve\/web\/wp-json\/wp\/v2\/estado?post=77531"},{"taxonomy":"product_brand","embeddable":true,"href":"https:\/\/skygroup.com.ve\/web\/wp-json\/wp\/v2\/product_brand?post=77531"},{"taxonomy":"product_cat","embeddable":true,"href":"https:\/\/skygroup.com.ve\/web\/wp-json\/wp\/v2\/product_cat?post=77531"},{"taxonomy":"product_tag","embeddable":true,"href":"https:\/\/skygroup.com.ve\/web\/wp-json\/wp\/v2\/product_tag?post=77531"}],"curies":[{"name":"wp","href":"https:\/\/api.w.org\/{rel}","templated":true}]}}