{"id":78256,"date":"2025-07-03T23:54:17","date_gmt":"2025-07-04T03:54:17","guid":{"rendered":"https:\/\/skygroup.com.ve\/web\/producto\/eta-059-apartamento-en-venta-residencia-panorama-torre-a-sector-mirador-los-campitos-caracas\/"},"modified":"2026-04-07T20:52:40","modified_gmt":"2026-04-08T00:52:40","slug":"eta-059-apartamento-en-venta-residencia-panorama-torre-a-sector-mirador-los-campitos-caracas","status":"publish","type":"product","link":"https:\/\/skygroup.com.ve\/web\/producto\/eta-059-apartamento-en-venta-residencia-panorama-torre-a-sector-mirador-los-campitos-caracas\/","title":{"rendered":"ETA-059 Apartamento en Venta Residencia Panorama Torre A  Sector Mirador Los Campitos  Caracas"},"content":{"rendered":"<p>Sky Group ELITE Vende Apartamento En Obra Blanca En Res La Monta\u00f1a Torre A &#8211; Piso 1 En Sector Mirador De Los Campitos I  Caracas Distrito Capital<\/p>\n<p>Cuenta con  318.02 de construcci\u00f3n distribuidos de la siguiente manera:<\/p>\n<p>4 Habitaciones<br \/>\n4 Sala de Ba\u00f1os<br \/>\nEstudio<br \/>\nSala \/ Comedor<br \/>\nBalc\u00f3n<br \/>\n2 Habitaciones de Servicios con ba\u00f1o<br \/>\n1 Ba\u00f1os Auxiliares<br \/>\nEl ascensor abre en la sala de estar<br \/>\nTerrazas descubierta<\/p>\n<p>Bondades que ofrece el conjunto:<\/p>\n<p>Piscina de 20 mts2<br \/>\nArea de Gimnasio<br \/>\nAreas verdes<br \/>\nSalon de Fiesta<br \/>\nEstacionamiento para visitantes<br \/>\nVigilancia privada<br \/>\nPozo de Agua<br \/>\nPlanta El\u00e9ctrica<\/p>\n<p>Esta excelente opci\u00f3n en planta baja posee un plus adicional: entrada directa a la piscina por el \u00e1rea del jard\u00edn . Adem\u00e1s esta propiedad cuenta con una excelente vista panor\u00e1mica al valle de Caracas y al \u00c1vila.<\/p>\n","protected":false},"excerpt":{"rendered":"<p>Sky Group ELITE Vende Apartamento Residencia Panorama Torre A  Sector Mirador Los Campitos  Caracas<\/p>\n","protected":false},"featured_media":77924,"template":"","meta":{"_acf_changed":false,"_uag_custom_page_level_css":"","site-sidebar-layout":"default","site-content-layout":"","ast-site-content-layout":"default","site-content-style":"default","site-sidebar-style":"default","ast-global-header-display":"","ast-banner-title-visibility":"","ast-main-header-display":"","ast-hfb-above-header-display":"","ast-hfb-below-header-display":"","ast-hfb-mobile-header-display":"","site-post-title":"","ast-breadcrumbs-content":"","ast-featured-img":"","footer-sml-layout":"","ast-disable-related-posts":"","theme-transparent-header-meta":"default","adv-header-id-meta":"","stick-header-meta":"","header-above-stick-meta":"","header-main-stick-meta":"","header-below-stick-meta":"","astra-migrate-meta-layouts":"default","ast-page-background-enabled":"default","ast-page-background-meta":{"desktop":{"background-color":"var(--ast-global-color-4)","background-image":"","background-repeat":"repeat","background-position":"center center","background-size":"auto","background-attachment":"scroll","background-type":"","background-media":"","overlay-type":"","overlay-color":"","overlay-opacity":"","overlay-gradient":""},"tablet":{"background-color":"","background-image":"","background-repeat":"repeat","background-position":"center center","background-size":"auto","background-attachment":"scroll","background-type":"","background-media":"","overlay-type":"","overlay-color":"","overlay-opacity":"","overlay-gradient":""},"mobile":{"background-color":"","background-image":"","background-repeat":"repeat","background-position":"center center","background-size":"auto","background-attachment":"scroll","background-type":"","background-media":"","overlay-type":"","overlay-color":"","overlay-opacity":"","overlay-gradient":""}},"ast-content-background-meta":{"desktop":{"background-color":"var(--ast-global-color-5)","background-image":"","background-repeat":"repeat","background-position":"center center","background-size":"auto","background-attachment":"scroll","background-type":"","background-media":"","overlay-type":"","overlay-color":"","overlay-opacity":"","overlay-gradient":""},"tablet":{"background-color":"var(--ast-global-color-5)","background-image":"","background-repeat":"repeat","background-position":"center center","background-size":"auto","background-attachment":"scroll","background-type":"","background-media":"","overlay-type":"","overlay-color":"","overlay-opacity":"","overlay-gradient":""},"mobile":{"background-color":"var(--ast-global-color-5)","background-image":"","background-repeat":"repeat","background-position":"center center","background-size":"auto","background-attachment":"scroll","background-type":"","background-media":"","overlay-type":"","overlay-color":"","overlay-opacity":"","overlay-gradient":""}},"jetpack_post_was_ever_published":false,"_joinchat":{"telephone":"+584126842006"}},"estado":[],"product_brand":[567],"product_cat":[26],"product_tag":[297],"class_list":{"0":"post-78256","1":"product","2":"type-product","3":"status-publish","4":"has-post-thumbnail","6":"product_brand-elite","7":"product_cat-apartamento","8":"product_tag-null","9":"product_shipping_class-null","10":"pa_asesor-atr-francys-carol-sanchez-sanchez","11":"pa_oficina-atr-elite","12":"pa_ubicacion-distrito-capital","13":"desktop-align-left","14":"tablet-align-left","15":"mobile-align-left","17":"first","18":"instock","19":"shipping-taxable","20":"purchasable","21":"product-type-simple"},"acf":[],"uagb_featured_image_src":{"full":["https:\/\/i0.wp.com\/skygroup.com.ve\/web\/wp-content\/uploads\/2025\/07\/1632_1.jpeg?fit=800%2C600&ssl=1",800,600,false],"thumbnail":["https:\/\/i0.wp.com\/skygroup.com.ve\/web\/wp-content\/uploads\/2025\/07\/1632_1.jpeg?resize=150%2C150&ssl=1",150,150,true],"medium":["https:\/\/i0.wp.com\/skygroup.com.ve\/web\/wp-content\/uploads\/2025\/07\/1632_1.jpeg?fit=300%2C225&ssl=1",300,225,true],"medium_large":["https:\/\/i0.wp.com\/skygroup.com.ve\/web\/wp-content\/uploads\/2025\/07\/1632_1.jpeg?fit=768%2C576&ssl=1",768,576,true],"large":["https:\/\/i0.wp.com\/skygroup.com.ve\/web\/wp-content\/uploads\/2025\/07\/1632_1.jpeg?fit=800%2C600&ssl=1",800,600,true],"1536x1536":["https:\/\/i0.wp.com\/skygroup.com.ve\/web\/wp-content\/uploads\/2025\/07\/1632_1.jpeg?fit=800%2C600&ssl=1",800,600,true],"2048x2048":["https:\/\/i0.wp.com\/skygroup.com.ve\/web\/wp-content\/uploads\/2025\/07\/1632_1.jpeg?fit=800%2C600&ssl=1",800,600,true],"woocommerce_thumbnail":["https:\/\/i0.wp.com\/skygroup.com.ve\/web\/wp-content\/uploads\/2025\/07\/1632_1.jpeg?resize=300%2C300&ssl=1",300,300,true],"woocommerce_single":["https:\/\/i0.wp.com\/skygroup.com.ve\/web\/wp-content\/uploads\/2025\/07\/1632_1.jpeg?fit=600%2C450&ssl=1",600,450,true],"woocommerce_gallery_thumbnail":["https:\/\/i0.wp.com\/skygroup.com.ve\/web\/wp-content\/uploads\/2025\/07\/1632_1.jpeg?resize=100%2C100&ssl=1",100,100,true]},"uagb_author_info":{"display_name":"adminweb","author_link":"https:\/\/skygroup.com.ve\/web\/author\/"},"uagb_comment_info":0,"uagb_excerpt":"Sky Group ELITE Vende Apartamento Residencia Panorama Torre A Sector Mirador Los Campitos Caracas","jetpack_sharing_enabled":true,"_links":{"self":[{"href":"https:\/\/skygroup.com.ve\/web\/wp-json\/wp\/v2\/product\/78256","targetHints":{"allow":["GET"]}}],"collection":[{"href":"https:\/\/skygroup.com.ve\/web\/wp-json\/wp\/v2\/product"}],"about":[{"href":"https:\/\/skygroup.com.ve\/web\/wp-json\/wp\/v2\/types\/product"}],"wp:featuredmedia":[{"embeddable":true,"href":"https:\/\/skygroup.com.ve\/web\/wp-json\/wp\/v2\/media\/77924"}],"wp:attachment":[{"href":"https:\/\/skygroup.com.ve\/web\/wp-json\/wp\/v2\/media?parent=78256"}],"wp:term":[{"taxonomy":"estado","embeddable":true,"href":"https:\/\/skygroup.com.ve\/web\/wp-json\/wp\/v2\/estado?post=78256"},{"taxonomy":"product_brand","embeddable":true,"href":"https:\/\/skygroup.com.ve\/web\/wp-json\/wp\/v2\/product_brand?post=78256"},{"taxonomy":"product_cat","embeddable":true,"href":"https:\/\/skygroup.com.ve\/web\/wp-json\/wp\/v2\/product_cat?post=78256"},{"taxonomy":"product_tag","embeddable":true,"href":"https:\/\/skygroup.com.ve\/web\/wp-json\/wp\/v2\/product_tag?post=78256"}],"curies":[{"name":"wp","href":"https:\/\/api.w.org\/{rel}","templated":true}]}}