{"id":79194,"date":"2025-07-10T00:38:31","date_gmt":"2025-07-10T04:38:31","guid":{"rendered":"https:\/\/skygroup.com.ve\/web\/producto\/elfc-014-fondo-de-comercio-en-venta-regias-la-carniceria\/"},"modified":"2026-04-03T13:46:32","modified_gmt":"2026-04-03T17:46:32","slug":"elfc-014-fondo-de-comercio-en-venta-regias-la-carniceria","status":"publish","type":"product","link":"https:\/\/skygroup.com.ve\/web\/producto\/elfc-014-fondo-de-comercio-en-venta-regias-la-carniceria\/","title":{"rendered":"ELFC-014 Fondo de Comercio en Venta Regia\u00b4s La Carnicer\u00eda"},"content":{"rendered":"<p>SKY GROUP ELEGANCE VENDE Fondo de Comercio Regia\u00b4s La Carnicer\u00eda<\/p>\n<p>Situado en el Lomito de Jos\u00e9 F\u00e9lix Ribas de Maracay, Edo. Aragua, justo a 200mts del Sam\u00e1n de Ca\u00f1a de Az\u00facar!<\/p>\n<p>Contiene:<br \/>\n* 80,27 Mts2<br \/>\n2 Pisos:<br \/>\n&#8211; 1er Piso (abajo todo el local)<br \/>\n&#8211; 2do Piso (deposito: 4,3 mts ancho x 3 mts de largo) con 3 estantes de aluminio para organizar mercanc\u00eda.<br \/>\n* 1 cava 4to de 2,40 ancho x 3 mts largo con<br \/>\nMotor de 2 hp monof\u00e1sico. sellado Copeland .<br \/>\n* 1 Cierra Industrial marca Boia Cinta 22<br \/>\n* 1 Nevera exhibidora de 4 mts de largo x 1,20 mts de ancho \u00ab8 puertas\u00bb con sus bandejas de acero inoxidables y lechugueras de separadores\u00bb con motor de 1 hp monof\u00e1sico  marca Copeland sellado.<br \/>\n* 1 Rebanadora Industrial marca Boia de 350 de disco<br \/>\n* 1 Molino Industrial marca: Boia HD y sus accesorios completos!<br \/>\n* 1 Caja Registradora fiscal marca: Aclas Modelo CR2050 con permisos ante el Seniat<br \/>\n* 1 Balanza Roccio de piso Capacidad: 500 kg<br \/>\n* 3 Percos Blancos de 220 Lts c\/u<br \/>\n* 2 Tanques de agua cil\u00edndricos Marca DecoGlass de 600 Lts c\/u con su hidromatico, bomba, etc. Funciona solo su llenado y parado.<br \/>\n* 1 Punto de Venta DUO a t\u00edtulo jur\u00eddico Bco de Vzla<br \/>\n* 1 Bombona de Gas de 43 Kg<br \/>\n* 2 Fregaderos (1 operativo y otro solo instalado) ambos de acero inoxidable<br \/>\n* 1 Nevera vertical de refrescos<br \/>\n* 1 Microondas Peq. Marca: Magic Chef<br \/>\n* 2 Guantes de acero c\u00e1rnico<br \/>\n* 02 Cuchillos para despotar<br \/>\n* 04 Cuchillos para picar<br \/>\n* 02 Lima de Cuchillos<br \/>\n* 40 Cestas Pl\u00e1sticas entre altas y bajas<br \/>\n* 1 Tv Plasmas de 30 pulgadas (Hyundai)<br \/>\n* 1 Tv Plasmas de 30 pulgadas (Sankey)<br \/>\n* 1 Planta El\u00e9ctrica Marca Remium Watt (Generator 7500 a gasolina con bateria NUEVA Marca Marussi de 700 Amp)<br \/>\n* 1 Dvr 1080, de 8 canales, entrada HDMI, VGA, audio y app xmeye con 6 c\u00e1maras y 4 sensores<br \/>\n* Wiff por Fibex<br \/>\n* 1 meson de granito para deshuesar \u00abAtras\u00bb<br \/>\n* 1 mes\u00f3n de granito para trabajar \u00abadelante\u00bb<br \/>\n* 1 ventilador marca: Motorvenca modelo VEX-441<br \/>\n* Inventario al d\u00eda! ( *Si no requiere el inventario no lo paga y se retira del local, no est\u00e1 incluido en el precio de venta)*<br \/>\n* Cartelera fiscal al d\u00eda.<br \/>\n* C\u00f3digo aperturado con Carnes El Pazo, Plumrose<br \/>\n* Gu\u00eda sunagro<\/p>\n","protected":false},"excerpt":{"rendered":"<p>Sky Group ELEGANCE &#8211; VALENCIA Vende Fondo de Comercio Regia\u00b4s La Carnicer\u00eda<\/p>\n","protected":false},"featured_media":78990,"template":"","meta":{"_acf_changed":false,"_uag_custom_page_level_css":"","site-sidebar-layout":"default","site-content-layout":"","ast-site-content-layout":"default","site-content-style":"default","site-sidebar-style":"default","ast-global-header-display":"","ast-banner-title-visibility":"","ast-main-header-display":"","ast-hfb-above-header-display":"","ast-hfb-below-header-display":"","ast-hfb-mobile-header-display":"","site-post-title":"","ast-breadcrumbs-content":"","ast-featured-img":"","footer-sml-layout":"","ast-disable-related-posts":"","theme-transparent-header-meta":"default","adv-header-id-meta":"","stick-header-meta":"","header-above-stick-meta":"","header-main-stick-meta":"","header-below-stick-meta":"","astra-migrate-meta-layouts":"default","ast-page-background-enabled":"default","ast-page-background-meta":{"desktop":{"background-color":"var(--ast-global-color-4)","background-image":"","background-repeat":"repeat","background-position":"center center","background-size":"auto","background-attachment":"scroll","background-type":"","background-media":"","overlay-type":"","overlay-color":"","overlay-opacity":"","overlay-gradient":""},"tablet":{"background-color":"","background-image":"","background-repeat":"repeat","background-position":"center center","background-size":"auto","background-attachment":"scroll","background-type":"","background-media":"","overlay-type":"","overlay-color":"","overlay-opacity":"","overlay-gradient":""},"mobile":{"background-color":"","background-image":"","background-repeat":"repeat","background-position":"center center","background-size":"auto","background-attachment":"scroll","background-type":"","background-media":"","overlay-type":"","overlay-color":"","overlay-opacity":"","overlay-gradient":""}},"ast-content-background-meta":{"desktop":{"background-color":"var(--ast-global-color-5)","background-image":"","background-repeat":"repeat","background-position":"center center","background-size":"auto","background-attachment":"scroll","background-type":"","background-media":"","overlay-type":"","overlay-color":"","overlay-opacity":"","overlay-gradient":""},"tablet":{"background-color":"var(--ast-global-color-5)","background-image":"","background-repeat":"repeat","background-position":"center center","background-size":"auto","background-attachment":"scroll","background-type":"","background-media":"","overlay-type":"","overlay-color":"","overlay-opacity":"","overlay-gradient":""},"mobile":{"background-color":"var(--ast-global-color-5)","background-image":"","background-repeat":"repeat","background-position":"center center","background-size":"auto","background-attachment":"scroll","background-type":"","background-media":"","overlay-type":"","overlay-color":"","overlay-opacity":"","overlay-gradient":""}},"jetpack_post_was_ever_published":false,"_joinchat":{"telephone":"+584123890980"}},"estado":[],"product_brand":[563],"product_cat":[50],"product_tag":[297],"class_list":{"0":"post-79194","1":"product","2":"type-product","3":"status-publish","4":"has-post-thumbnail","6":"product_brand-elegance-valencia","7":"product_cat-fondo-de-comercio","8":"product_tag-null","9":"product_shipping_class-null","10":"pa_asesor-atr-carolin-adalis-quevedo-mendez","11":"pa_oficina-atr-elegance-valencia","12":"pa_ubicacion-aragua","13":"desktop-align-left","14":"tablet-align-left","15":"mobile-align-left","17":"first","18":"instock","19":"shipping-taxable","20":"purchasable","21":"product-type-simple"},"acf":[],"uagb_featured_image_src":{"full":["https:\/\/i0.wp.com\/skygroup.com.ve\/web\/wp-content\/uploads\/2025\/07\/8224_2.jpeg?fit=1080%2C859&ssl=1",1080,859,false],"thumbnail":["https:\/\/i0.wp.com\/skygroup.com.ve\/web\/wp-content\/uploads\/2025\/07\/8224_2.jpeg?resize=150%2C150&ssl=1",150,150,true],"medium":["https:\/\/i0.wp.com\/skygroup.com.ve\/web\/wp-content\/uploads\/2025\/07\/8224_2.jpeg?fit=300%2C239&ssl=1",300,239,true],"medium_large":["https:\/\/i0.wp.com\/skygroup.com.ve\/web\/wp-content\/uploads\/2025\/07\/8224_2.jpeg?fit=768%2C611&ssl=1",768,611,true],"large":["https:\/\/i0.wp.com\/skygroup.com.ve\/web\/wp-content\/uploads\/2025\/07\/8224_2.jpeg?fit=1024%2C814&ssl=1",1024,814,true],"1536x1536":["https:\/\/i0.wp.com\/skygroup.com.ve\/web\/wp-content\/uploads\/2025\/07\/8224_2.jpeg?fit=1080%2C859&ssl=1",1080,859,true],"2048x2048":["https:\/\/i0.wp.com\/skygroup.com.ve\/web\/wp-content\/uploads\/2025\/07\/8224_2.jpeg?fit=1080%2C859&ssl=1",1080,859,true],"woocommerce_thumbnail":["https:\/\/i0.wp.com\/skygroup.com.ve\/web\/wp-content\/uploads\/2025\/07\/8224_2.jpeg?resize=300%2C300&ssl=1",300,300,true],"woocommerce_single":["https:\/\/i0.wp.com\/skygroup.com.ve\/web\/wp-content\/uploads\/2025\/07\/8224_2.jpeg?fit=600%2C477&ssl=1",600,477,true],"woocommerce_gallery_thumbnail":["https:\/\/i0.wp.com\/skygroup.com.ve\/web\/wp-content\/uploads\/2025\/07\/8224_2.jpeg?resize=100%2C100&ssl=1",100,100,true]},"uagb_author_info":{"display_name":"adminweb","author_link":"https:\/\/skygroup.com.ve\/web\/author\/"},"uagb_comment_info":0,"uagb_excerpt":"Sky Group ELEGANCE - VALENCIA Vende Fondo de Comercio Regia\u00b4s La Carnicer\u00eda","jetpack_sharing_enabled":true,"_links":{"self":[{"href":"https:\/\/skygroup.com.ve\/web\/wp-json\/wp\/v2\/product\/79194","targetHints":{"allow":["GET"]}}],"collection":[{"href":"https:\/\/skygroup.com.ve\/web\/wp-json\/wp\/v2\/product"}],"about":[{"href":"https:\/\/skygroup.com.ve\/web\/wp-json\/wp\/v2\/types\/product"}],"wp:featuredmedia":[{"embeddable":true,"href":"https:\/\/skygroup.com.ve\/web\/wp-json\/wp\/v2\/media\/78990"}],"wp:attachment":[{"href":"https:\/\/skygroup.com.ve\/web\/wp-json\/wp\/v2\/media?parent=79194"}],"wp:term":[{"taxonomy":"estado","embeddable":true,"href":"https:\/\/skygroup.com.ve\/web\/wp-json\/wp\/v2\/estado?post=79194"},{"taxonomy":"product_brand","embeddable":true,"href":"https:\/\/skygroup.com.ve\/web\/wp-json\/wp\/v2\/product_brand?post=79194"},{"taxonomy":"product_cat","embeddable":true,"href":"https:\/\/skygroup.com.ve\/web\/wp-json\/wp\/v2\/product_cat?post=79194"},{"taxonomy":"product_tag","embeddable":true,"href":"https:\/\/skygroup.com.ve\/web\/wp-json\/wp\/v2\/product_tag?post=79194"}],"curies":[{"name":"wp","href":"https:\/\/api.w.org\/{rel}","templated":true}]}}