{"id":81568,"date":"2025-07-23T10:37:10","date_gmt":"2025-07-23T14:37:10","guid":{"rendered":"https:\/\/skygroup.com.ve\/web\/producto\/etc-013-casa-en-venta-villas-de-san-diego-country-club\/"},"modified":"2026-04-03T13:46:50","modified_gmt":"2026-04-03T17:46:50","slug":"etc-013-casa-en-venta-villas-de-san-diego-country-club","status":"publish","type":"product","link":"https:\/\/skygroup.com.ve\/web\/producto\/etc-013-casa-en-venta-villas-de-san-diego-country-club\/","title":{"rendered":"ETC-013 Casa en Venta  Villas De San Diego Country Club"},"content":{"rendered":"<p>SKY GROUP ELITE Vende Casa Amoblada En Villas De San Diego Country Club Con Planta Electrica San Diego Edo Carabobo<\/p>\n<p>Esta propiedad consta de 300 M2, distribuidos de la siguiente manera:<\/p>\n<p>Hall de Entrada<br \/>\nMedio Ba\u00f1o<br \/>\nEstudio, escritorio y 2 sillas ejecutivas.<br \/>\nSala, muebles de piel blancos<br \/>\nComedor, juego de comedor para 8 puestos<br \/>\nCocina empotrada, kitchenette, equipada de lujo con campana, viniera, fabricados de hielo, horno, microondas, viniera, lavavajillas y el\u00e9ctrico.<br \/>\nHabitaci\u00f3n de servicio, con ba\u00f1o.<br \/>\n\u00c1rea de lavandero con cuarto de planchado.<\/p>\n<p> 2 Nivel<br \/>\nFamily room, con muebles y tv.<br \/>\nHabitaci\u00f3n Principal con ba\u00f1o Jacuzzi, Vestier, closet y balc\u00f3n.<br \/>\n1 Habitaci\u00f3n con ba\u00f1o completo, closets y balc\u00f3n.<br \/>\n1 Habitaci\u00f3n con Closets y ba\u00f1o.<br \/>\n1 Habitaci\u00f3n con \u00e1tico ba\u00f1o, sala de juegos y closets.<br \/>\n\u00c1rea social para parrillero.<br \/>\nEstacionamiento para 6 veh\u00edculos techado.<br \/>\nAmplio Maletero<br \/>\nPlanta el\u00e9ctrica 100% enciende toda la villa de una capacidad de 20KVA operativa.<\/p>\n<p>La villa queda totalmente amoblada y acondicionada con aires, l\u00e1mparas, persianas, muebles camas, todo el mobiliario, se encuentra en \u00f3ptimas condiciones.<\/p>\n<p>(5 H \/ 5 B \/ 6 P.E)<\/p>\n","protected":false},"excerpt":{"rendered":"<p>Sky Group ELITE Vende Casa  Villas De San Diego Country Club <\/p>\n","protected":false},"featured_media":80899,"template":"","meta":{"_acf_changed":false,"_uag_custom_page_level_css":"","site-sidebar-layout":"default","site-content-layout":"","ast-site-content-layout":"default","site-content-style":"default","site-sidebar-style":"default","ast-global-header-display":"","ast-banner-title-visibility":"","ast-main-header-display":"","ast-hfb-above-header-display":"","ast-hfb-below-header-display":"","ast-hfb-mobile-header-display":"","site-post-title":"","ast-breadcrumbs-content":"","ast-featured-img":"","footer-sml-layout":"","ast-disable-related-posts":"","theme-transparent-header-meta":"default","adv-header-id-meta":"","stick-header-meta":"","header-above-stick-meta":"","header-main-stick-meta":"","header-below-stick-meta":"","astra-migrate-meta-layouts":"default","ast-page-background-enabled":"default","ast-page-background-meta":{"desktop":{"background-color":"var(--ast-global-color-4)","background-image":"","background-repeat":"repeat","background-position":"center center","background-size":"auto","background-attachment":"scroll","background-type":"","background-media":"","overlay-type":"","overlay-color":"","overlay-opacity":"","overlay-gradient":""},"tablet":{"background-color":"","background-image":"","background-repeat":"repeat","background-position":"center center","background-size":"auto","background-attachment":"scroll","background-type":"","background-media":"","overlay-type":"","overlay-color":"","overlay-opacity":"","overlay-gradient":""},"mobile":{"background-color":"","background-image":"","background-repeat":"repeat","background-position":"center center","background-size":"auto","background-attachment":"scroll","background-type":"","background-media":"","overlay-type":"","overlay-color":"","overlay-opacity":"","overlay-gradient":""}},"ast-content-background-meta":{"desktop":{"background-color":"var(--ast-global-color-5)","background-image":"","background-repeat":"repeat","background-position":"center center","background-size":"auto","background-attachment":"scroll","background-type":"","background-media":"","overlay-type":"","overlay-color":"","overlay-opacity":"","overlay-gradient":""},"tablet":{"background-color":"var(--ast-global-color-5)","background-image":"","background-repeat":"repeat","background-position":"center center","background-size":"auto","background-attachment":"scroll","background-type":"","background-media":"","overlay-type":"","overlay-color":"","overlay-opacity":"","overlay-gradient":""},"mobile":{"background-color":"var(--ast-global-color-5)","background-image":"","background-repeat":"repeat","background-position":"center center","background-size":"auto","background-attachment":"scroll","background-type":"","background-media":"","overlay-type":"","overlay-color":"","overlay-opacity":"","overlay-gradient":""}},"jetpack_post_was_ever_published":false,"_joinchat":{"telephone":"+584126842006"}},"estado":[],"product_brand":[567],"product_cat":[47],"product_tag":[297],"class_list":{"0":"post-81568","1":"product","2":"type-product","3":"status-publish","4":"has-post-thumbnail","6":"product_brand-elite","7":"product_cat-casa","8":"product_tag-null","9":"product_shipping_class-null","10":"pa_asesor-atr-francys-carol-sanchez-sanchez","11":"pa_oficina-atr-elite","12":"pa_ubicacion-carabobo","13":"desktop-align-left","14":"tablet-align-left","15":"mobile-align-left","17":"first","18":"instock","19":"shipping-taxable","20":"purchasable","21":"product-type-simple"},"acf":[],"uagb_featured_image_src":{"full":["https:\/\/i0.wp.com\/skygroup.com.ve\/web\/wp-content\/uploads\/2025\/07\/1660_1.jpeg?fit=750%2C1000&ssl=1",750,1000,false],"thumbnail":["https:\/\/i0.wp.com\/skygroup.com.ve\/web\/wp-content\/uploads\/2025\/07\/1660_1.jpeg?resize=150%2C150&ssl=1",150,150,true],"medium":["https:\/\/i0.wp.com\/skygroup.com.ve\/web\/wp-content\/uploads\/2025\/07\/1660_1.jpeg?fit=225%2C300&ssl=1",225,300,true],"medium_large":["https:\/\/i0.wp.com\/skygroup.com.ve\/web\/wp-content\/uploads\/2025\/07\/1660_1.jpeg?fit=750%2C1000&ssl=1",750,1000,true],"large":["https:\/\/i0.wp.com\/skygroup.com.ve\/web\/wp-content\/uploads\/2025\/07\/1660_1.jpeg?fit=750%2C1000&ssl=1",750,1000,true],"1536x1536":["https:\/\/i0.wp.com\/skygroup.com.ve\/web\/wp-content\/uploads\/2025\/07\/1660_1.jpeg?fit=750%2C1000&ssl=1",750,1000,true],"2048x2048":["https:\/\/i0.wp.com\/skygroup.com.ve\/web\/wp-content\/uploads\/2025\/07\/1660_1.jpeg?fit=750%2C1000&ssl=1",750,1000,true],"woocommerce_thumbnail":["https:\/\/i0.wp.com\/skygroup.com.ve\/web\/wp-content\/uploads\/2025\/07\/1660_1.jpeg?resize=300%2C300&ssl=1",300,300,true],"woocommerce_single":["https:\/\/i0.wp.com\/skygroup.com.ve\/web\/wp-content\/uploads\/2025\/07\/1660_1.jpeg?fit=600%2C800&ssl=1",600,800,true],"woocommerce_gallery_thumbnail":["https:\/\/i0.wp.com\/skygroup.com.ve\/web\/wp-content\/uploads\/2025\/07\/1660_1.jpeg?resize=100%2C100&ssl=1",100,100,true]},"uagb_author_info":{"display_name":"adminweb","author_link":"https:\/\/skygroup.com.ve\/web\/author\/"},"uagb_comment_info":0,"uagb_excerpt":"Sky Group ELITE Vende Casa Villas De San Diego Country Club","jetpack_sharing_enabled":true,"_links":{"self":[{"href":"https:\/\/skygroup.com.ve\/web\/wp-json\/wp\/v2\/product\/81568","targetHints":{"allow":["GET"]}}],"collection":[{"href":"https:\/\/skygroup.com.ve\/web\/wp-json\/wp\/v2\/product"}],"about":[{"href":"https:\/\/skygroup.com.ve\/web\/wp-json\/wp\/v2\/types\/product"}],"wp:featuredmedia":[{"embeddable":true,"href":"https:\/\/skygroup.com.ve\/web\/wp-json\/wp\/v2\/media\/80899"}],"wp:attachment":[{"href":"https:\/\/skygroup.com.ve\/web\/wp-json\/wp\/v2\/media?parent=81568"}],"wp:term":[{"taxonomy":"estado","embeddable":true,"href":"https:\/\/skygroup.com.ve\/web\/wp-json\/wp\/v2\/estado?post=81568"},{"taxonomy":"product_brand","embeddable":true,"href":"https:\/\/skygroup.com.ve\/web\/wp-json\/wp\/v2\/product_brand?post=81568"},{"taxonomy":"product_cat","embeddable":true,"href":"https:\/\/skygroup.com.ve\/web\/wp-json\/wp\/v2\/product_cat?post=81568"},{"taxonomy":"product_tag","embeddable":true,"href":"https:\/\/skygroup.com.ve\/web\/wp-json\/wp\/v2\/product_tag?post=81568"}],"curies":[{"name":"wp","href":"https:\/\/api.w.org\/{rel}","templated":true}]}}