{"id":81623,"date":"2025-07-23T10:43:49","date_gmt":"2025-07-23T14:43:49","guid":{"rendered":"https:\/\/skygroup.com.ve\/web\/producto\/ett-029-terreno-en-venta-terreno-en-villas-de-san-diego\/"},"modified":"2026-04-07T20:54:23","modified_gmt":"2026-04-08T00:54:23","slug":"ett-029-terreno-en-venta-terreno-en-villas-de-san-diego","status":"publish","type":"product","link":"https:\/\/skygroup.com.ve\/web\/producto\/ett-029-terreno-en-venta-terreno-en-villas-de-san-diego\/","title":{"rendered":"ETT-029 Terreno en Venta Terreno En Villas De San Diego"},"content":{"rendered":"<p>Sky Group Elite vende terreno en Villas Country Club San Diego.<\/p>\n<p>Consta de 10.964 m2 parcela con las siguientes caracter\u00edsticas y mejoras valiosas que la destacan: <\/p>\n<p> Cerramiento perimetral arquitect\u00f3nico en pared estructural frisada con z\u00f3calo y cornisa de ladrillo.<br \/>\n&#8211; Muros de conformaci\u00f3n.<br \/>\n&#8211; Jardineras exteriores con l\u00edneas de tuber\u00eda para riego.<br \/>\n&#8211; Aducci\u00f3n y estanque de concreto subterr\u00e1neo de 40.000 litros.<br \/>\n&#8211; M\u00f3dulo de acceso con instalaciones, vigilancia, ba\u00f1o, cuarto de basura, dep\u00f3sito, y dos accesos peatonales y vehiculares.<br \/>\n&#8211; Ubicaci\u00f3n privilegiada dentro del urbanismo.<br \/>\n&#8211; Uso multifamiliar.<\/p>\n<p>Adem\u00e1s, el clima y ambiente natural son excepcionales.<\/p>\n<p>Precio: $980.000$<\/p>\n","protected":false},"excerpt":{"rendered":"<p>Sky Group ELITE Vende Terreno Terreno En Villas De San Diego<\/p>\n","protected":false},"featured_media":81430,"template":"","meta":{"_acf_changed":false,"_uag_custom_page_level_css":"","site-sidebar-layout":"default","site-content-layout":"","ast-site-content-layout":"default","site-content-style":"default","site-sidebar-style":"default","ast-global-header-display":"","ast-banner-title-visibility":"","ast-main-header-display":"","ast-hfb-above-header-display":"","ast-hfb-below-header-display":"","ast-hfb-mobile-header-display":"","site-post-title":"","ast-breadcrumbs-content":"","ast-featured-img":"","footer-sml-layout":"","ast-disable-related-posts":"","theme-transparent-header-meta":"default","adv-header-id-meta":"","stick-header-meta":"","header-above-stick-meta":"","header-main-stick-meta":"","header-below-stick-meta":"","astra-migrate-meta-layouts":"default","ast-page-background-enabled":"default","ast-page-background-meta":{"desktop":{"background-color":"var(--ast-global-color-4)","background-image":"","background-repeat":"repeat","background-position":"center center","background-size":"auto","background-attachment":"scroll","background-type":"","background-media":"","overlay-type":"","overlay-color":"","overlay-opacity":"","overlay-gradient":""},"tablet":{"background-color":"","background-image":"","background-repeat":"repeat","background-position":"center center","background-size":"auto","background-attachment":"scroll","background-type":"","background-media":"","overlay-type":"","overlay-color":"","overlay-opacity":"","overlay-gradient":""},"mobile":{"background-color":"","background-image":"","background-repeat":"repeat","background-position":"center center","background-size":"auto","background-attachment":"scroll","background-type":"","background-media":"","overlay-type":"","overlay-color":"","overlay-opacity":"","overlay-gradient":""}},"ast-content-background-meta":{"desktop":{"background-color":"var(--ast-global-color-5)","background-image":"","background-repeat":"repeat","background-position":"center center","background-size":"auto","background-attachment":"scroll","background-type":"","background-media":"","overlay-type":"","overlay-color":"","overlay-opacity":"","overlay-gradient":""},"tablet":{"background-color":"var(--ast-global-color-5)","background-image":"","background-repeat":"repeat","background-position":"center center","background-size":"auto","background-attachment":"scroll","background-type":"","background-media":"","overlay-type":"","overlay-color":"","overlay-opacity":"","overlay-gradient":""},"mobile":{"background-color":"var(--ast-global-color-5)","background-image":"","background-repeat":"repeat","background-position":"center center","background-size":"auto","background-attachment":"scroll","background-type":"","background-media":"","overlay-type":"","overlay-color":"","overlay-opacity":"","overlay-gradient":""}},"jetpack_post_was_ever_published":false,"_joinchat":{"telephone":"+584126842006"}},"estado":[],"product_brand":[567],"product_cat":[53],"product_tag":[297],"class_list":{"0":"post-81623","1":"product","2":"type-product","3":"status-publish","4":"has-post-thumbnail","6":"product_brand-elite","7":"product_cat-terreno","8":"product_tag-null","9":"product_shipping_class-null","10":"pa_asesor-atr-francys-carol-sanchez-sanchez","11":"pa_oficina-atr-elite","12":"pa_ubicacion-carabobo","13":"desktop-align-left","14":"tablet-align-left","15":"mobile-align-left","17":"first","18":"instock","19":"shipping-taxable","20":"purchasable","21":"product-type-simple"},"acf":[],"uagb_featured_image_src":{"full":["https:\/\/i0.wp.com\/skygroup.com.ve\/web\/wp-content\/uploads\/2025\/07\/8049_4.jpeg?fit=870%2C1088&ssl=1",870,1088,false],"thumbnail":["https:\/\/i0.wp.com\/skygroup.com.ve\/web\/wp-content\/uploads\/2025\/07\/8049_4.jpeg?resize=150%2C150&ssl=1",150,150,true],"medium":["https:\/\/i0.wp.com\/skygroup.com.ve\/web\/wp-content\/uploads\/2025\/07\/8049_4.jpeg?fit=240%2C300&ssl=1",240,300,true],"medium_large":["https:\/\/i0.wp.com\/skygroup.com.ve\/web\/wp-content\/uploads\/2025\/07\/8049_4.jpeg?fit=768%2C960&ssl=1",768,960,true],"large":["https:\/\/i0.wp.com\/skygroup.com.ve\/web\/wp-content\/uploads\/2025\/07\/8049_4.jpeg?fit=819%2C1024&ssl=1",819,1024,true],"1536x1536":["https:\/\/i0.wp.com\/skygroup.com.ve\/web\/wp-content\/uploads\/2025\/07\/8049_4.jpeg?fit=870%2C1088&ssl=1",870,1088,true],"2048x2048":["https:\/\/i0.wp.com\/skygroup.com.ve\/web\/wp-content\/uploads\/2025\/07\/8049_4.jpeg?fit=870%2C1088&ssl=1",870,1088,true],"woocommerce_thumbnail":["https:\/\/i0.wp.com\/skygroup.com.ve\/web\/wp-content\/uploads\/2025\/07\/8049_4.jpeg?resize=300%2C300&ssl=1",300,300,true],"woocommerce_single":["https:\/\/i0.wp.com\/skygroup.com.ve\/web\/wp-content\/uploads\/2025\/07\/8049_4.jpeg?fit=600%2C750&ssl=1",600,750,true],"woocommerce_gallery_thumbnail":["https:\/\/i0.wp.com\/skygroup.com.ve\/web\/wp-content\/uploads\/2025\/07\/8049_4.jpeg?resize=100%2C100&ssl=1",100,100,true]},"uagb_author_info":{"display_name":"adminweb","author_link":"https:\/\/skygroup.com.ve\/web\/author\/"},"uagb_comment_info":0,"uagb_excerpt":"Sky Group ELITE Vende Terreno Terreno En Villas De San Diego","jetpack_sharing_enabled":true,"_links":{"self":[{"href":"https:\/\/skygroup.com.ve\/web\/wp-json\/wp\/v2\/product\/81623","targetHints":{"allow":["GET"]}}],"collection":[{"href":"https:\/\/skygroup.com.ve\/web\/wp-json\/wp\/v2\/product"}],"about":[{"href":"https:\/\/skygroup.com.ve\/web\/wp-json\/wp\/v2\/types\/product"}],"wp:featuredmedia":[{"embeddable":true,"href":"https:\/\/skygroup.com.ve\/web\/wp-json\/wp\/v2\/media\/81430"}],"wp:attachment":[{"href":"https:\/\/skygroup.com.ve\/web\/wp-json\/wp\/v2\/media?parent=81623"}],"wp:term":[{"taxonomy":"estado","embeddable":true,"href":"https:\/\/skygroup.com.ve\/web\/wp-json\/wp\/v2\/estado?post=81623"},{"taxonomy":"product_brand","embeddable":true,"href":"https:\/\/skygroup.com.ve\/web\/wp-json\/wp\/v2\/product_brand?post=81623"},{"taxonomy":"product_cat","embeddable":true,"href":"https:\/\/skygroup.com.ve\/web\/wp-json\/wp\/v2\/product_cat?post=81623"},{"taxonomy":"product_tag","embeddable":true,"href":"https:\/\/skygroup.com.ve\/web\/wp-json\/wp\/v2\/product_tag?post=81623"}],"curies":[{"name":"wp","href":"https:\/\/api.w.org\/{rel}","templated":true}]}}