{"id":81834,"date":"2025-07-24T21:03:37","date_gmt":"2025-07-25T01:03:37","guid":{"rendered":"https:\/\/skygroup.com.ve\/web\/producto\/elba-206-apartamento-en-venta-residencias-laguna-real-zona-este-barquisimeto-lara\/"},"modified":"2026-04-07T20:54:24","modified_gmt":"2026-04-08T00:54:24","slug":"elba-206-apartamento-en-venta-residencias-laguna-real-zona-este-barquisimeto-lara","status":"publish","type":"product","link":"https:\/\/skygroup.com.ve\/web\/producto\/elba-206-apartamento-en-venta-residencias-laguna-real-zona-este-barquisimeto-lara\/","title":{"rendered":"ELBA-206 Apartamento en Venta Residencias Laguna Real, Zona Este, Barquisimeto, Lara"},"content":{"rendered":"<p>SKY GROUP ELEGANCE VENDE Apartamento en Residencias Laguna Real, Este de Barquisimeto<br \/>\nAv Argimiro Bracamonte. *EQUIPADO*<\/p>\n<p>Lujosas \u00e1reas \u00edntimas y sociales con detalles en techos de drywall, luminarias decorativas y paredes con revestimiento que engalanan con buen gusto y clase dichos espacios. Pisos revestidos en m\u00e1rmol travertino pulido en el \u00e1rea privada y r\u00fastico en la terraza descubierta destinada para \u00e1rea social.<\/p>\n<p>396 m\u00b2<br \/>\n4 habitaciones<br \/>\n4 ba\u00f1os<\/p>\n<p>Habitaci\u00f3n principal con ba\u00f1o privado, A\/A integral y closet.<br \/>\n2 habitaciones con A\/A integral y closet<br \/>\n1 ba\u00f1o compartido para las habitaciones<br \/>\n1 habitaci\u00f3n acondicionada como vestier con A\/A y ba\u00f1o privado<br \/>\nSala (todas las \u00e1reas tienen A\/A)<br \/>\nEstar<br \/>\nFamily room<br \/>\n\u00c1rea para comedor familiar<br \/>\n\u00c1rea para comedor en cocina con despensa<br \/>\nCocina empotrada moderna con encimeras de granito y equipamiento de calidad, tal como tope, nevera Frigidaire, horno el\u00e9ctrico, calienta platos, microondas y campana.<\/p>\n<p>Terraza descubierta con \u00e1rea de cocina y parrillera, con equipamiento de calidad empotrados, con encimeras de granito que contiene parrillera de acero inoxidable, nevera industrial Frigidaire, tope a gas y el\u00e9ctrico, lavavajillas Whirpool, TV Samsung de 40&#8243;.<\/p>\n<p>1 Ba\u00f1o completo para el \u00e1rea social<br \/>\n\u00c1rea de lavander\u00eda con despensas para almacenaje<br \/>\nTanque subterr\u00e1neo para el apartamento de 8.000 lts con hidroneum\u00e1tico.<br \/>\n2 puestos de estacionamiento techados, maletero y entrada directa a la terraza o patio.<\/p>\n<p>C\u00d3DIGO FOB-A-006<\/p>\n","protected":false},"excerpt":{"rendered":"<p>Sky Group ELEGANCE &#8211; BARQUISIMETO Vende Apartamento Residencias Laguna Real, Zona Este, Barquisimeto, Lara<\/p>\n","protected":false},"featured_media":81831,"template":"","meta":{"_acf_changed":false,"_uag_custom_page_level_css":"","site-sidebar-layout":"default","site-content-layout":"","ast-site-content-layout":"default","site-content-style":"default","site-sidebar-style":"default","ast-global-header-display":"","ast-banner-title-visibility":"","ast-main-header-display":"","ast-hfb-above-header-display":"","ast-hfb-below-header-display":"","ast-hfb-mobile-header-display":"","site-post-title":"","ast-breadcrumbs-content":"","ast-featured-img":"","footer-sml-layout":"","ast-disable-related-posts":"","theme-transparent-header-meta":"default","adv-header-id-meta":"","stick-header-meta":"","header-above-stick-meta":"","header-main-stick-meta":"","header-below-stick-meta":"","astra-migrate-meta-layouts":"default","ast-page-background-enabled":"default","ast-page-background-meta":{"desktop":{"background-color":"var(--ast-global-color-4)","background-image":"","background-repeat":"repeat","background-position":"center center","background-size":"auto","background-attachment":"scroll","background-type":"","background-media":"","overlay-type":"","overlay-color":"","overlay-opacity":"","overlay-gradient":""},"tablet":{"background-color":"","background-image":"","background-repeat":"repeat","background-position":"center center","background-size":"auto","background-attachment":"scroll","background-type":"","background-media":"","overlay-type":"","overlay-color":"","overlay-opacity":"","overlay-gradient":""},"mobile":{"background-color":"","background-image":"","background-repeat":"repeat","background-position":"center center","background-size":"auto","background-attachment":"scroll","background-type":"","background-media":"","overlay-type":"","overlay-color":"","overlay-opacity":"","overlay-gradient":""}},"ast-content-background-meta":{"desktop":{"background-color":"var(--ast-global-color-5)","background-image":"","background-repeat":"repeat","background-position":"center center","background-size":"auto","background-attachment":"scroll","background-type":"","background-media":"","overlay-type":"","overlay-color":"","overlay-opacity":"","overlay-gradient":""},"tablet":{"background-color":"var(--ast-global-color-5)","background-image":"","background-repeat":"repeat","background-position":"center center","background-size":"auto","background-attachment":"scroll","background-type":"","background-media":"","overlay-type":"","overlay-color":"","overlay-opacity":"","overlay-gradient":""},"mobile":{"background-color":"var(--ast-global-color-5)","background-image":"","background-repeat":"repeat","background-position":"center center","background-size":"auto","background-attachment":"scroll","background-type":"","background-media":"","overlay-type":"","overlay-color":"","overlay-opacity":"","overlay-gradient":""}},"jetpack_post_was_ever_published":false,"_joinchat":{"telephone":"+584145658844"}},"estado":[],"product_brand":[564],"product_cat":[26],"product_tag":[297],"class_list":{"0":"post-81834","1":"product","2":"type-product","3":"status-publish","4":"has-post-thumbnail","6":"product_brand-elegance-barquisimeto","7":"product_cat-apartamento","8":"product_tag-null","9":"product_shipping_class-null","10":"pa_asesor-atr-simon-antonio-hernandez-hernandez","11":"pa_oficina-atr-elegance-barquisimeto","12":"pa_ubicacion-lara","13":"desktop-align-left","14":"tablet-align-left","15":"mobile-align-left","17":"first","18":"instock","19":"shipping-taxable","20":"purchasable","21":"product-type-simple"},"acf":[],"uagb_featured_image_src":{"full":["https:\/\/i0.wp.com\/skygroup.com.ve\/web\/wp-content\/uploads\/2025\/07\/2366_1.jpeg?fit=800%2C600&ssl=1",800,600,false],"thumbnail":["https:\/\/i0.wp.com\/skygroup.com.ve\/web\/wp-content\/uploads\/2025\/07\/2366_1.jpeg?resize=150%2C150&ssl=1",150,150,true],"medium":["https:\/\/i0.wp.com\/skygroup.com.ve\/web\/wp-content\/uploads\/2025\/07\/2366_1.jpeg?fit=300%2C225&ssl=1",300,225,true],"medium_large":["https:\/\/i0.wp.com\/skygroup.com.ve\/web\/wp-content\/uploads\/2025\/07\/2366_1.jpeg?fit=768%2C576&ssl=1",768,576,true],"large":["https:\/\/i0.wp.com\/skygroup.com.ve\/web\/wp-content\/uploads\/2025\/07\/2366_1.jpeg?fit=800%2C600&ssl=1",800,600,true],"1536x1536":["https:\/\/i0.wp.com\/skygroup.com.ve\/web\/wp-content\/uploads\/2025\/07\/2366_1.jpeg?fit=800%2C600&ssl=1",800,600,true],"2048x2048":["https:\/\/i0.wp.com\/skygroup.com.ve\/web\/wp-content\/uploads\/2025\/07\/2366_1.jpeg?fit=800%2C600&ssl=1",800,600,true],"woocommerce_thumbnail":["https:\/\/i0.wp.com\/skygroup.com.ve\/web\/wp-content\/uploads\/2025\/07\/2366_1.jpeg?resize=300%2C300&ssl=1",300,300,true],"woocommerce_single":["https:\/\/i0.wp.com\/skygroup.com.ve\/web\/wp-content\/uploads\/2025\/07\/2366_1.jpeg?fit=600%2C450&ssl=1",600,450,true],"woocommerce_gallery_thumbnail":["https:\/\/i0.wp.com\/skygroup.com.ve\/web\/wp-content\/uploads\/2025\/07\/2366_1.jpeg?resize=100%2C100&ssl=1",100,100,true]},"uagb_author_info":{"display_name":"adminweb","author_link":"https:\/\/skygroup.com.ve\/web\/author\/"},"uagb_comment_info":0,"uagb_excerpt":"Sky Group ELEGANCE - BARQUISIMETO Vende Apartamento Residencias Laguna Real, Zona Este, Barquisimeto, Lara","jetpack_sharing_enabled":true,"_links":{"self":[{"href":"https:\/\/skygroup.com.ve\/web\/wp-json\/wp\/v2\/product\/81834","targetHints":{"allow":["GET"]}}],"collection":[{"href":"https:\/\/skygroup.com.ve\/web\/wp-json\/wp\/v2\/product"}],"about":[{"href":"https:\/\/skygroup.com.ve\/web\/wp-json\/wp\/v2\/types\/product"}],"wp:featuredmedia":[{"embeddable":true,"href":"https:\/\/skygroup.com.ve\/web\/wp-json\/wp\/v2\/media\/81831"}],"wp:attachment":[{"href":"https:\/\/skygroup.com.ve\/web\/wp-json\/wp\/v2\/media?parent=81834"}],"wp:term":[{"taxonomy":"estado","embeddable":true,"href":"https:\/\/skygroup.com.ve\/web\/wp-json\/wp\/v2\/estado?post=81834"},{"taxonomy":"product_brand","embeddable":true,"href":"https:\/\/skygroup.com.ve\/web\/wp-json\/wp\/v2\/product_brand?post=81834"},{"taxonomy":"product_cat","embeddable":true,"href":"https:\/\/skygroup.com.ve\/web\/wp-json\/wp\/v2\/product_cat?post=81834"},{"taxonomy":"product_tag","embeddable":true,"href":"https:\/\/skygroup.com.ve\/web\/wp-json\/wp\/v2\/product_tag?post=81834"}],"curies":[{"name":"wp","href":"https:\/\/api.w.org\/{rel}","templated":true}]}}