{"id":86878,"date":"2025-08-27T21:09:58","date_gmt":"2025-08-28T01:09:58","guid":{"rendered":"https:\/\/skygroup.com.ve\/web\/producto\/elbth-128-town-house-en-venta-town-house-v27-residencias-don-david\/"},"modified":"2026-04-07T20:54:57","modified_gmt":"2026-04-08T00:54:57","slug":"elbth-128-town-house-en-venta-town-house-v27-residencias-don-david","status":"publish","type":"product","link":"https:\/\/skygroup.com.ve\/web\/producto\/elbth-128-town-house-en-venta-town-house-v27-residencias-don-david\/","title":{"rendered":"ELBTH-128 Town House en Venta Residencias Don David"},"content":{"rendered":"<p>Sky Group Elegance Vende *Town House (2 niveles ) \/ Apto. Duplex* en Conjunto Residencial Villa David. Araure Portuguesa.<\/p>\n<p>\u00c1rea de Construcci\u00f3n: 147, 30 M2.<br \/>\n*Primer Nivel*<br \/>\n* Recibidor<br \/>\n* Cocina empotrada y equipada. Mes\u00f3n con sillas y bancos.<br \/>\n* 1\/2 Ba\u00f1o.<br \/>\n* \u00c1rea de lavander\u00eda.<br \/>\n* Terraza techada.<br \/>\n*SEGUNDO NIVEL*<br \/>\n* 1 Habitaci\u00f3n principal con vestier, closet y ba\u00f1o.<br \/>\n* 2 habitaciones con closet cada una  y un ba\u00f1o compartido.<br \/>\n* Closet en el pasillo.<\/p>\n<p>Piso de cer\u00e1mica. Puertas de acceso de vidrio. Escaleras con pasamos en aluminio y vidrio. Ventanas panor\u00e1micas en el 1er nivel con persianas blackout. Aire integral de 5 ton y 2 A\/A tipo split de 18.000 y 12.000 btu c\/u.<br \/>\nSistemas de seguridad ( c\u00e1maras y alarmas).Tiene 3 puestos de estacionamiento.<br \/>\n*Bondades del conjunto:*<br \/>\nVigilancia 24\/7<br \/>\nGas por tuber\u00eda<br \/>\nPiscina, Caney con ba\u00f1os y parrillera, parque infantil, \u00e1reas verdes con \u00e1rboles frutales.<br \/>\nPozo de agua.<br \/>\n*NOTA:* dejan la cocina de 5 hornillas, horno, campanas y nevera, Aire integral y A\/A.<br \/>\nNegociable : lavadora, sof\u00e1 y  comedor.<\/p>\n","protected":false},"excerpt":{"rendered":"<p>Sky Group ELEGANCE &#8211; BARQUISIMETO Vende Town House Residencias Don David <\/p>\n","protected":false},"featured_media":86771,"template":"","meta":{"_acf_changed":false,"_uag_custom_page_level_css":"","site-sidebar-layout":"default","site-content-layout":"","ast-site-content-layout":"default","site-content-style":"default","site-sidebar-style":"default","ast-global-header-display":"","ast-banner-title-visibility":"","ast-main-header-display":"","ast-hfb-above-header-display":"","ast-hfb-below-header-display":"","ast-hfb-mobile-header-display":"","site-post-title":"","ast-breadcrumbs-content":"","ast-featured-img":"","footer-sml-layout":"","ast-disable-related-posts":"","theme-transparent-header-meta":"default","adv-header-id-meta":"","stick-header-meta":"","header-above-stick-meta":"","header-main-stick-meta":"","header-below-stick-meta":"","astra-migrate-meta-layouts":"default","ast-page-background-enabled":"default","ast-page-background-meta":{"desktop":{"background-color":"var(--ast-global-color-4)","background-image":"","background-repeat":"repeat","background-position":"center center","background-size":"auto","background-attachment":"scroll","background-type":"","background-media":"","overlay-type":"","overlay-color":"","overlay-opacity":"","overlay-gradient":""},"tablet":{"background-color":"","background-image":"","background-repeat":"repeat","background-position":"center center","background-size":"auto","background-attachment":"scroll","background-type":"","background-media":"","overlay-type":"","overlay-color":"","overlay-opacity":"","overlay-gradient":""},"mobile":{"background-color":"","background-image":"","background-repeat":"repeat","background-position":"center center","background-size":"auto","background-attachment":"scroll","background-type":"","background-media":"","overlay-type":"","overlay-color":"","overlay-opacity":"","overlay-gradient":""}},"ast-content-background-meta":{"desktop":{"background-color":"var(--ast-global-color-5)","background-image":"","background-repeat":"repeat","background-position":"center center","background-size":"auto","background-attachment":"scroll","background-type":"","background-media":"","overlay-type":"","overlay-color":"","overlay-opacity":"","overlay-gradient":""},"tablet":{"background-color":"var(--ast-global-color-5)","background-image":"","background-repeat":"repeat","background-position":"center center","background-size":"auto","background-attachment":"scroll","background-type":"","background-media":"","overlay-type":"","overlay-color":"","overlay-opacity":"","overlay-gradient":""},"mobile":{"background-color":"var(--ast-global-color-5)","background-image":"","background-repeat":"repeat","background-position":"center center","background-size":"auto","background-attachment":"scroll","background-type":"","background-media":"","overlay-type":"","overlay-color":"","overlay-opacity":"","overlay-gradient":""}},"jetpack_post_was_ever_published":false,"_joinchat":{"telephone":"+584145176142"}},"estado":[],"product_brand":[564],"product_cat":[56],"product_tag":[297],"class_list":{"0":"post-86878","1":"product","2":"type-product","3":"status-publish","4":"has-post-thumbnail","6":"product_brand-elegance-barquisimeto","7":"product_cat-town-house","8":"product_tag-null","9":"product_shipping_class-null","10":"pa_asesor-atr-alma-cristina-morr-vasquez","11":"pa_oficina-atr-elegance-barquisimeto","12":"pa_ubicacion-portuguesa","13":"desktop-align-left","14":"tablet-align-left","15":"mobile-align-left","17":"first","18":"instock","19":"shipping-taxable","20":"purchasable","21":"product-type-simple"},"acf":[],"uagb_featured_image_src":{"full":["https:\/\/i0.wp.com\/skygroup.com.ve\/web\/wp-content\/uploads\/2025\/08\/9215_1.jpeg?fit=600%2C800&ssl=1",600,800,false],"thumbnail":["https:\/\/i0.wp.com\/skygroup.com.ve\/web\/wp-content\/uploads\/2025\/08\/9215_1.jpeg?resize=150%2C150&ssl=1",150,150,true],"medium":["https:\/\/i0.wp.com\/skygroup.com.ve\/web\/wp-content\/uploads\/2025\/08\/9215_1.jpeg?fit=225%2C300&ssl=1",225,300,true],"medium_large":["https:\/\/i0.wp.com\/skygroup.com.ve\/web\/wp-content\/uploads\/2025\/08\/9215_1.jpeg?fit=600%2C800&ssl=1",600,800,true],"large":["https:\/\/i0.wp.com\/skygroup.com.ve\/web\/wp-content\/uploads\/2025\/08\/9215_1.jpeg?fit=600%2C800&ssl=1",600,800,true],"1536x1536":["https:\/\/i0.wp.com\/skygroup.com.ve\/web\/wp-content\/uploads\/2025\/08\/9215_1.jpeg?fit=600%2C800&ssl=1",600,800,true],"2048x2048":["https:\/\/i0.wp.com\/skygroup.com.ve\/web\/wp-content\/uploads\/2025\/08\/9215_1.jpeg?fit=600%2C800&ssl=1",600,800,true],"woocommerce_thumbnail":["https:\/\/i0.wp.com\/skygroup.com.ve\/web\/wp-content\/uploads\/2025\/08\/9215_1.jpeg?resize=300%2C300&ssl=1",300,300,true],"woocommerce_single":["https:\/\/i0.wp.com\/skygroup.com.ve\/web\/wp-content\/uploads\/2025\/08\/9215_1.jpeg?fit=600%2C800&ssl=1",600,800,true],"woocommerce_gallery_thumbnail":["https:\/\/i0.wp.com\/skygroup.com.ve\/web\/wp-content\/uploads\/2025\/08\/9215_1.jpeg?resize=100%2C100&ssl=1",100,100,true]},"uagb_author_info":{"display_name":"adminweb","author_link":"https:\/\/skygroup.com.ve\/web\/author\/"},"uagb_comment_info":0,"uagb_excerpt":"Sky Group ELEGANCE - BARQUISIMETO Vende Town House Residencias Don David","jetpack_sharing_enabled":true,"_links":{"self":[{"href":"https:\/\/skygroup.com.ve\/web\/wp-json\/wp\/v2\/product\/86878","targetHints":{"allow":["GET"]}}],"collection":[{"href":"https:\/\/skygroup.com.ve\/web\/wp-json\/wp\/v2\/product"}],"about":[{"href":"https:\/\/skygroup.com.ve\/web\/wp-json\/wp\/v2\/types\/product"}],"wp:featuredmedia":[{"embeddable":true,"href":"https:\/\/skygroup.com.ve\/web\/wp-json\/wp\/v2\/media\/86771"}],"wp:attachment":[{"href":"https:\/\/skygroup.com.ve\/web\/wp-json\/wp\/v2\/media?parent=86878"}],"wp:term":[{"taxonomy":"estado","embeddable":true,"href":"https:\/\/skygroup.com.ve\/web\/wp-json\/wp\/v2\/estado?post=86878"},{"taxonomy":"product_brand","embeddable":true,"href":"https:\/\/skygroup.com.ve\/web\/wp-json\/wp\/v2\/product_brand?post=86878"},{"taxonomy":"product_cat","embeddable":true,"href":"https:\/\/skygroup.com.ve\/web\/wp-json\/wp\/v2\/product_cat?post=86878"},{"taxonomy":"product_tag","embeddable":true,"href":"https:\/\/skygroup.com.ve\/web\/wp-json\/wp\/v2\/product_tag?post=86878"}],"curies":[{"name":"wp","href":"https:\/\/api.w.org\/{rel}","templated":true}]}}