{"id":87254,"date":"2025-08-29T20:08:10","date_gmt":"2025-08-30T00:08:10","guid":{"rendered":"https:\/\/skygroup.com.ve\/web\/producto\/etof-007-oficina-en-venta-urbanizacion-trigal-sur\/"},"modified":"2026-04-07T20:54:59","modified_gmt":"2026-04-08T00:54:59","slug":"etof-007-oficina-en-venta-urbanizacion-trigal-sur","status":"publish","type":"product","link":"https:\/\/skygroup.com.ve\/web\/producto\/etof-007-oficina-en-venta-urbanizacion-trigal-sur\/","title":{"rendered":"ETOF-007 Oficina en Venta Urbanizaci\u00f3n Trigal Sur"},"content":{"rendered":"<p>Sky Group Elite Vende Hermosa oficina de lujo en edificaci\u00f3n de 3 niveles ubicada en urbanizaci\u00f3n trigal sur valencia. <\/p>\n<p>Consta de 840m2 distribuidos de la siguiente manera:<\/p>\n<p>Primer Nivel (340 m2)<br \/>\n&#8211;\t\u00c1rea de recepci\u00f3n<br \/>\n&#8211;\t1 Sala de espera<br \/>\n&#8211;\t4 oficinas<br \/>\n&#8211;\t1 ba\u00f1o<br \/>\n&#8211;\t1 kitchenette<br \/>\n&#8211;\t\u00c1rea comedor<br \/>\n&#8211;\tDeposito<\/p>\n<p>Segundo Nivel (316 m2)<br \/>\n&#8211;\t1 sala de conferencias con ba\u00f1o integrado<br \/>\n&#8211;\t1 sala de espera<br \/>\n&#8211;\t4 cub\u00edculos<br \/>\n&#8211;\toficina presidencial (con \u00e1rea de kitchenette y servidor)<\/p>\n<p>\u00c1rea de s\u00f3tano (280 m2)<br \/>\n&#8211;\t9 oficinas<br \/>\n&#8211;\t1 sala de conferencias<br \/>\n&#8211;\t6 mesas de estaci\u00f3n de trabajo<\/p>\n<p>Adem\u00e1s, cuenta con:<br \/>\n&#8211;\tSistema de c\u00e1maras de seguridad<br \/>\n&#8211;\tSistema de detector facial para ingreso del personal<br \/>\n&#8211;\tTanque con hidroneum\u00e1tico con capacidad de 100.000 Lts<br \/>\n&#8211;\tAscensor con capacidad hasta 8 personas para los 3 niveles de la edificaci\u00f3n<br \/>\n&#8211;\tPlata el\u00e9ctrica 100% marca trit\u00f3n con transfer<\/p>\n<p>Quedan totalmente amobladas con mobiliario de alta gama.<\/p>\n","protected":false},"excerpt":{"rendered":"<p>Sky Group ELITE Vende Oficina Urbanizaci\u00f3n Trigal Sur<\/p>\n","protected":false},"featured_media":88830,"template":"","meta":{"_acf_changed":false,"_uag_custom_page_level_css":"","site-sidebar-layout":"default","site-content-layout":"","ast-site-content-layout":"default","site-content-style":"default","site-sidebar-style":"default","ast-global-header-display":"","ast-banner-title-visibility":"","ast-main-header-display":"","ast-hfb-above-header-display":"","ast-hfb-below-header-display":"","ast-hfb-mobile-header-display":"","site-post-title":"","ast-breadcrumbs-content":"","ast-featured-img":"","footer-sml-layout":"","ast-disable-related-posts":"","theme-transparent-header-meta":"default","adv-header-id-meta":"","stick-header-meta":"","header-above-stick-meta":"","header-main-stick-meta":"","header-below-stick-meta":"","astra-migrate-meta-layouts":"default","ast-page-background-enabled":"default","ast-page-background-meta":{"desktop":{"background-color":"var(--ast-global-color-4)","background-image":"","background-repeat":"repeat","background-position":"center center","background-size":"auto","background-attachment":"scroll","background-type":"","background-media":"","overlay-type":"","overlay-color":"","overlay-opacity":"","overlay-gradient":""},"tablet":{"background-color":"","background-image":"","background-repeat":"repeat","background-position":"center center","background-size":"auto","background-attachment":"scroll","background-type":"","background-media":"","overlay-type":"","overlay-color":"","overlay-opacity":"","overlay-gradient":""},"mobile":{"background-color":"","background-image":"","background-repeat":"repeat","background-position":"center center","background-size":"auto","background-attachment":"scroll","background-type":"","background-media":"","overlay-type":"","overlay-color":"","overlay-opacity":"","overlay-gradient":""}},"ast-content-background-meta":{"desktop":{"background-color":"var(--ast-global-color-5)","background-image":"","background-repeat":"repeat","background-position":"center center","background-size":"auto","background-attachment":"scroll","background-type":"","background-media":"","overlay-type":"","overlay-color":"","overlay-opacity":"","overlay-gradient":""},"tablet":{"background-color":"var(--ast-global-color-5)","background-image":"","background-repeat":"repeat","background-position":"center center","background-size":"auto","background-attachment":"scroll","background-type":"","background-media":"","overlay-type":"","overlay-color":"","overlay-opacity":"","overlay-gradient":""},"mobile":{"background-color":"var(--ast-global-color-5)","background-image":"","background-repeat":"repeat","background-position":"center center","background-size":"auto","background-attachment":"scroll","background-type":"","background-media":"","overlay-type":"","overlay-color":"","overlay-opacity":"","overlay-gradient":""}},"jetpack_post_was_ever_published":false,"_joinchat":{"telephone":"+584126842006"}},"estado":[],"product_brand":[567],"product_cat":[57],"product_tag":[297],"class_list":{"0":"post-87254","1":"product","2":"type-product","3":"status-publish","4":"has-post-thumbnail","6":"product_brand-elite","7":"product_cat-oficina","8":"product_tag-null","9":"product_shipping_class-null","10":"pa_asesor-atr-francys-carol-sanchez-sanchez","11":"pa_oficina-atr-elite","12":"pa_ubicacion-carabobo","13":"desktop-align-left","14":"tablet-align-left","15":"mobile-align-left","17":"first","18":"instock","19":"shipping-taxable","20":"purchasable","21":"product-type-simple"},"acf":[],"uagb_featured_image_src":{"full":["https:\/\/i0.wp.com\/skygroup.com.ve\/web\/wp-content\/uploads\/2025\/09\/9262_18.jpeg?fit=1000%2C750&ssl=1",1000,750,false],"thumbnail":["https:\/\/i0.wp.com\/skygroup.com.ve\/web\/wp-content\/uploads\/2025\/09\/9262_18.jpeg?resize=150%2C150&ssl=1",150,150,true],"medium":["https:\/\/i0.wp.com\/skygroup.com.ve\/web\/wp-content\/uploads\/2025\/09\/9262_18.jpeg?fit=300%2C225&ssl=1",300,225,true],"medium_large":["https:\/\/i0.wp.com\/skygroup.com.ve\/web\/wp-content\/uploads\/2025\/09\/9262_18.jpeg?fit=768%2C576&ssl=1",768,576,true],"large":["https:\/\/i0.wp.com\/skygroup.com.ve\/web\/wp-content\/uploads\/2025\/09\/9262_18.jpeg?fit=1000%2C750&ssl=1",1000,750,true],"1536x1536":["https:\/\/i0.wp.com\/skygroup.com.ve\/web\/wp-content\/uploads\/2025\/09\/9262_18.jpeg?fit=1000%2C750&ssl=1",1000,750,true],"2048x2048":["https:\/\/i0.wp.com\/skygroup.com.ve\/web\/wp-content\/uploads\/2025\/09\/9262_18.jpeg?fit=1000%2C750&ssl=1",1000,750,true],"woocommerce_thumbnail":["https:\/\/i0.wp.com\/skygroup.com.ve\/web\/wp-content\/uploads\/2025\/09\/9262_18.jpeg?resize=300%2C300&ssl=1",300,300,true],"woocommerce_single":["https:\/\/i0.wp.com\/skygroup.com.ve\/web\/wp-content\/uploads\/2025\/09\/9262_18.jpeg?fit=600%2C450&ssl=1",600,450,true],"woocommerce_gallery_thumbnail":["https:\/\/i0.wp.com\/skygroup.com.ve\/web\/wp-content\/uploads\/2025\/09\/9262_18.jpeg?resize=100%2C100&ssl=1",100,100,true]},"uagb_author_info":{"display_name":"adminweb","author_link":"https:\/\/skygroup.com.ve\/web\/author\/"},"uagb_comment_info":0,"uagb_excerpt":"Sky Group ELITE Vende Oficina Urbanizaci\u00f3n Trigal Sur","jetpack_sharing_enabled":true,"_links":{"self":[{"href":"https:\/\/skygroup.com.ve\/web\/wp-json\/wp\/v2\/product\/87254","targetHints":{"allow":["GET"]}}],"collection":[{"href":"https:\/\/skygroup.com.ve\/web\/wp-json\/wp\/v2\/product"}],"about":[{"href":"https:\/\/skygroup.com.ve\/web\/wp-json\/wp\/v2\/types\/product"}],"wp:featuredmedia":[{"embeddable":true,"href":"https:\/\/skygroup.com.ve\/web\/wp-json\/wp\/v2\/media\/88830"}],"wp:attachment":[{"href":"https:\/\/skygroup.com.ve\/web\/wp-json\/wp\/v2\/media?parent=87254"}],"wp:term":[{"taxonomy":"estado","embeddable":true,"href":"https:\/\/skygroup.com.ve\/web\/wp-json\/wp\/v2\/estado?post=87254"},{"taxonomy":"product_brand","embeddable":true,"href":"https:\/\/skygroup.com.ve\/web\/wp-json\/wp\/v2\/product_brand?post=87254"},{"taxonomy":"product_cat","embeddable":true,"href":"https:\/\/skygroup.com.ve\/web\/wp-json\/wp\/v2\/product_cat?post=87254"},{"taxonomy":"product_tag","embeddable":true,"href":"https:\/\/skygroup.com.ve\/web\/wp-json\/wp\/v2\/product_tag?post=87254"}],"curies":[{"name":"wp","href":"https:\/\/api.w.org\/{rel}","templated":true}]}}