{"id":97585,"date":"2025-11-26T02:29:23","date_gmt":"2025-11-26T06:29:23","guid":{"rendered":"https:\/\/skygroup.com.ve\/web\/producto\/inc-524-casa-en-venta-en-urb-altamira-la-entrada-iii-etapa-naguanagua\/"},"modified":"2026-04-07T20:55:17","modified_gmt":"2026-04-08T00:55:17","slug":"inc-524-casa-en-venta-en-urb-altamira-la-entrada-iii-etapa-naguanagua","status":"publish","type":"product","link":"https:\/\/skygroup.com.ve\/web\/producto\/inc-524-casa-en-venta-en-urb-altamira-la-entrada-iii-etapa-naguanagua\/","title":{"rendered":"INC-524 Casa en Venta En Urb. Altamira &#8211; La Entrada Iii Etapa &#8211; Naguanagua"},"content":{"rendered":"<p>SKY GROUP VENDE CASA QUINTA EN URB ALTAMIRA &#8211; LA ENTRADA &#8211; MUNICIPIO NAGUANAGUA<\/p>\n<p>Esta casa quinta de 198 m2 construida en una parcela de 1000m2 te sorprender\u00e1 con una espectacular vista hacia las monta\u00f1as y un clima acogedor, distribuida de la siguiente manera:<\/p>\n<p>Nivel I<\/p>\n<p>Habitaci\u00f3n principal con vestier y ba\u00f1o.<br \/>\nHabitaci\u00f3n secundaria con closet y terraza.<br \/>\nHabitaci\u00f3n secundaria con closet.<br \/>\nBa\u00f1o.<\/p>\n<p>Planta Baja<\/p>\n<p>Habitaci\u00f3n tipo estudio.<br \/>\nBa\u00f1o de visitas.<br \/>\nSala &#8211; Comedor.<br \/>\nCocina empotrada con \u00e1rea para comedor.<br \/>\nCorredores con vista hacia jardines y monta\u00f1as.<br \/>\nParrillera.<br \/>\nBa\u00f1o para invitados.<br \/>\n\u00c1rea de faena.<br \/>\nDep\u00f3sito.<br \/>\nMaleteros.<br \/>\nCuarto de hidroneum\u00e1tico.<br \/>\nEstacionamiento techado para 4 veh\u00edculos.<br \/>\nTanque subterr\u00e1neo con cap. 20.000 litros.<br \/>\nGeneradores de electricidad.<\/p>\n<p>TOTAL:<br \/>\n4 Habitaciones.<br \/>\n4 Ba\u00f1os.<br \/>\n4 Puestos de estacionamiento.<\/p>\n<p>Adem\u00e1s la casa cuenta con amplia \u00e1rea cercada de jardiner\u00eda y siembra ubicada en la parte posterior de la parcela y pozo profundo de agua.<\/p>\n<p>Inversion: 250.000$ (USD) Negociable.<\/p>\n<p>Ing. Jhanett Pi\u00f1a<br \/>\nAgente Inmobiliario<br \/>\nSky Group Invictus<br \/>\n04128303929<br \/>\n@jhanett.skygroup<\/p>\n","protected":false},"excerpt":{"rendered":"<p>Sky Group INVICTUS Vende Casa En Urb. Altamira &#8211; La Entrada Iii Etapa &#8211; Naguanagua<\/p>\n","protected":false},"featured_media":97354,"template":"","meta":{"_acf_changed":false,"_uag_custom_page_level_css":"","site-sidebar-layout":"default","site-content-layout":"","ast-site-content-layout":"default","site-content-style":"default","site-sidebar-style":"default","ast-global-header-display":"","ast-banner-title-visibility":"","ast-main-header-display":"","ast-hfb-above-header-display":"","ast-hfb-below-header-display":"","ast-hfb-mobile-header-display":"","site-post-title":"","ast-breadcrumbs-content":"","ast-featured-img":"","footer-sml-layout":"","ast-disable-related-posts":"","theme-transparent-header-meta":"default","adv-header-id-meta":"","stick-header-meta":"","header-above-stick-meta":"","header-main-stick-meta":"","header-below-stick-meta":"","astra-migrate-meta-layouts":"default","ast-page-background-enabled":"default","ast-page-background-meta":{"desktop":{"background-color":"var(--ast-global-color-4)","background-image":"","background-repeat":"repeat","background-position":"center center","background-size":"auto","background-attachment":"scroll","background-type":"","background-media":"","overlay-type":"","overlay-color":"","overlay-opacity":"","overlay-gradient":""},"tablet":{"background-color":"","background-image":"","background-repeat":"repeat","background-position":"center center","background-size":"auto","background-attachment":"scroll","background-type":"","background-media":"","overlay-type":"","overlay-color":"","overlay-opacity":"","overlay-gradient":""},"mobile":{"background-color":"","background-image":"","background-repeat":"repeat","background-position":"center center","background-size":"auto","background-attachment":"scroll","background-type":"","background-media":"","overlay-type":"","overlay-color":"","overlay-opacity":"","overlay-gradient":""}},"ast-content-background-meta":{"desktop":{"background-color":"var(--ast-global-color-5)","background-image":"","background-repeat":"repeat","background-position":"center center","background-size":"auto","background-attachment":"scroll","background-type":"","background-media":"","overlay-type":"","overlay-color":"","overlay-opacity":"","overlay-gradient":""},"tablet":{"background-color":"var(--ast-global-color-5)","background-image":"","background-repeat":"repeat","background-position":"center center","background-size":"auto","background-attachment":"scroll","background-type":"","background-media":"","overlay-type":"","overlay-color":"","overlay-opacity":"","overlay-gradient":""},"mobile":{"background-color":"var(--ast-global-color-5)","background-image":"","background-repeat":"repeat","background-position":"center center","background-size":"auto","background-attachment":"scroll","background-type":"","background-media":"","overlay-type":"","overlay-color":"","overlay-opacity":"","overlay-gradient":""}},"jetpack_post_was_ever_published":false,"_joinchat":{"telephone":"+584128303929"}},"estado":[],"product_brand":[566],"product_cat":[47],"product_tag":[297],"class_list":{"0":"post-97585","1":"product","2":"type-product","3":"status-publish","4":"has-post-thumbnail","6":"product_brand-invictus","7":"product_cat-casa","8":"product_tag-null","9":"product_shipping_class-null","10":"pa_asesor-atr-jhanett-lourdes-pina-de-cannella","11":"pa_oficina-atr-invictus","12":"pa_ubicacion-carabobo","13":"desktop-align-left","14":"tablet-align-left","15":"mobile-align-left","17":"first","18":"instock","19":"shipping-taxable","20":"purchasable","21":"product-type-simple"},"acf":[],"uagb_featured_image_src":{"full":["https:\/\/i0.wp.com\/skygroup.com.ve\/web\/wp-content\/uploads\/2025\/11\/9918_1.jpeg?fit=810%2C1080&ssl=1",810,1080,false],"thumbnail":["https:\/\/i0.wp.com\/skygroup.com.ve\/web\/wp-content\/uploads\/2025\/11\/9918_1.jpeg?resize=150%2C150&ssl=1",150,150,true],"medium":["https:\/\/i0.wp.com\/skygroup.com.ve\/web\/wp-content\/uploads\/2025\/11\/9918_1.jpeg?fit=225%2C300&ssl=1",225,300,true],"medium_large":["https:\/\/i0.wp.com\/skygroup.com.ve\/web\/wp-content\/uploads\/2025\/11\/9918_1.jpeg?fit=768%2C1024&ssl=1",768,1024,true],"large":["https:\/\/i0.wp.com\/skygroup.com.ve\/web\/wp-content\/uploads\/2025\/11\/9918_1.jpeg?fit=768%2C1024&ssl=1",768,1024,true],"1536x1536":["https:\/\/i0.wp.com\/skygroup.com.ve\/web\/wp-content\/uploads\/2025\/11\/9918_1.jpeg?fit=810%2C1080&ssl=1",810,1080,true],"2048x2048":["https:\/\/i0.wp.com\/skygroup.com.ve\/web\/wp-content\/uploads\/2025\/11\/9918_1.jpeg?fit=810%2C1080&ssl=1",810,1080,true],"woocommerce_thumbnail":["https:\/\/i0.wp.com\/skygroup.com.ve\/web\/wp-content\/uploads\/2025\/11\/9918_1.jpeg?resize=300%2C300&ssl=1",300,300,true],"woocommerce_single":["https:\/\/i0.wp.com\/skygroup.com.ve\/web\/wp-content\/uploads\/2025\/11\/9918_1.jpeg?fit=600%2C800&ssl=1",600,800,true],"woocommerce_gallery_thumbnail":["https:\/\/i0.wp.com\/skygroup.com.ve\/web\/wp-content\/uploads\/2025\/11\/9918_1.jpeg?resize=100%2C100&ssl=1",100,100,true]},"uagb_author_info":{"display_name":"adminweb","author_link":"https:\/\/skygroup.com.ve\/web\/author\/"},"uagb_comment_info":0,"uagb_excerpt":"Sky Group INVICTUS Vende Casa En Urb. Altamira - La Entrada Iii Etapa - Naguanagua","jetpack_sharing_enabled":true,"_links":{"self":[{"href":"https:\/\/skygroup.com.ve\/web\/wp-json\/wp\/v2\/product\/97585","targetHints":{"allow":["GET"]}}],"collection":[{"href":"https:\/\/skygroup.com.ve\/web\/wp-json\/wp\/v2\/product"}],"about":[{"href":"https:\/\/skygroup.com.ve\/web\/wp-json\/wp\/v2\/types\/product"}],"wp:featuredmedia":[{"embeddable":true,"href":"https:\/\/skygroup.com.ve\/web\/wp-json\/wp\/v2\/media\/97354"}],"wp:attachment":[{"href":"https:\/\/skygroup.com.ve\/web\/wp-json\/wp\/v2\/media?parent=97585"}],"wp:term":[{"taxonomy":"estado","embeddable":true,"href":"https:\/\/skygroup.com.ve\/web\/wp-json\/wp\/v2\/estado?post=97585"},{"taxonomy":"product_brand","embeddable":true,"href":"https:\/\/skygroup.com.ve\/web\/wp-json\/wp\/v2\/product_brand?post=97585"},{"taxonomy":"product_cat","embeddable":true,"href":"https:\/\/skygroup.com.ve\/web\/wp-json\/wp\/v2\/product_cat?post=97585"},{"taxonomy":"product_tag","embeddable":true,"href":"https:\/\/skygroup.com.ve\/web\/wp-json\/wp\/v2\/product_tag?post=97585"}],"curies":[{"name":"wp","href":"https:\/\/api.w.org\/{rel}","templated":true}]}}