{"id":98668,"date":"2025-11-28T11:05:05","date_gmt":"2025-11-28T15:05:05","guid":{"rendered":"https:\/\/skygroup.com.ve\/web\/producto\/elbc-496-casa-en-venta-urbanizacion-la-rosaleda-barquisimeto-lara\/"},"modified":"2026-04-07T20:55:19","modified_gmt":"2026-04-08T00:55:19","slug":"elbc-496-casa-en-venta-urbanizacion-la-rosaleda-barquisimeto-lara","status":"publish","type":"product","link":"https:\/\/skygroup.com.ve\/web\/producto\/elbc-496-casa-en-venta-urbanizacion-la-rosaleda-barquisimeto-lara\/","title":{"rendered":"ELBC-496 Casa en Venta Urbanizaci\u00f3n La Rosaleda, Barquisimeto, Lara"},"content":{"rendered":"<p>*Sky Group Elegance*  Vende: c\u00f3moda casa en urbanizaci\u00f3n Colinas de La Rosaleda. La cual consta de: 2 Plantas<\/p>\n<p> Terreno  232 m2<br \/>\n Construcci\u00f3n 350 m2<br \/>\n4 Habitaciones<br \/>\n4 Ba\u00f1os<\/p>\n<p>Terreno adicional  de 260 mts2  de \u00e1reas verdes con \u00e1rboles frutales.<br \/>\n*Planta alta*<br \/>\n\u25aa\ufe0f3 Habitaciones<br \/>\n\u25aa\ufe0f2 Ba\u00f1os<br \/>\n\u25aa\ufe0fBiblioteca<br \/>\n\u25aa\ufe0fEstar &#8211; Balc\u00f3n<\/p>\n<p> *Planta Baja*:<br \/>\n\u25aa\ufe0f1 Habitaci\u00f3n principal con \u25aa\ufe0fBa\u00f1o<br \/>\n\u25aa\ufe0f1 Family room<br \/>\n\u25aa\ufe0f1 Oficina<br \/>\n\u25aa\ufe0f1 Ba\u00f1o de visita<br \/>\n\u25aa\ufe0fSala<br \/>\n\u25aa\ufe0fEstar<br \/>\n\u25aa\ufe0fComedor<br \/>\n\u25aa\ufe0fCocina amplia<br \/>\n\u25aa\ufe0fTanque subterr\u00e1neo de 10 mil lts con sistema de hidroneum\u00e1tico<br \/>\n\u25aa\ufe0f\u00c1rea de Servicio<br \/>\n\u25aa\ufe0fPort\u00f3n El\u00e9ctrico<br \/>\n\u25aa\ufe0f6 Puestos de Estacionamiento<\/p>\n<p>Excelente Oportunidad de Inversi\u00f3n <\/p>\n<p>Ubicada en la zona m\u00e1s exclusiva del Este de Barquisimeto<\/p>\n","protected":false},"excerpt":{"rendered":"<p>Sky Group ELEGANCE &#8211; BARQUISIMETO Vende Casa Urbanizaci\u00f3n La Rosaleda, Barquisimeto, Lara<\/p>\n","protected":false},"featured_media":98025,"template":"","meta":{"_acf_changed":false,"_uag_custom_page_level_css":"","site-sidebar-layout":"default","site-content-layout":"","ast-site-content-layout":"default","site-content-style":"default","site-sidebar-style":"default","ast-global-header-display":"","ast-banner-title-visibility":"","ast-main-header-display":"","ast-hfb-above-header-display":"","ast-hfb-below-header-display":"","ast-hfb-mobile-header-display":"","site-post-title":"","ast-breadcrumbs-content":"","ast-featured-img":"","footer-sml-layout":"","ast-disable-related-posts":"","theme-transparent-header-meta":"default","adv-header-id-meta":"","stick-header-meta":"","header-above-stick-meta":"","header-main-stick-meta":"","header-below-stick-meta":"","astra-migrate-meta-layouts":"default","ast-page-background-enabled":"default","ast-page-background-meta":{"desktop":{"background-color":"var(--ast-global-color-4)","background-image":"","background-repeat":"repeat","background-position":"center center","background-size":"auto","background-attachment":"scroll","background-type":"","background-media":"","overlay-type":"","overlay-color":"","overlay-opacity":"","overlay-gradient":""},"tablet":{"background-color":"","background-image":"","background-repeat":"repeat","background-position":"center center","background-size":"auto","background-attachment":"scroll","background-type":"","background-media":"","overlay-type":"","overlay-color":"","overlay-opacity":"","overlay-gradient":""},"mobile":{"background-color":"","background-image":"","background-repeat":"repeat","background-position":"center center","background-size":"auto","background-attachment":"scroll","background-type":"","background-media":"","overlay-type":"","overlay-color":"","overlay-opacity":"","overlay-gradient":""}},"ast-content-background-meta":{"desktop":{"background-color":"var(--ast-global-color-5)","background-image":"","background-repeat":"repeat","background-position":"center center","background-size":"auto","background-attachment":"scroll","background-type":"","background-media":"","overlay-type":"","overlay-color":"","overlay-opacity":"","overlay-gradient":""},"tablet":{"background-color":"var(--ast-global-color-5)","background-image":"","background-repeat":"repeat","background-position":"center center","background-size":"auto","background-attachment":"scroll","background-type":"","background-media":"","overlay-type":"","overlay-color":"","overlay-opacity":"","overlay-gradient":""},"mobile":{"background-color":"var(--ast-global-color-5)","background-image":"","background-repeat":"repeat","background-position":"center center","background-size":"auto","background-attachment":"scroll","background-type":"","background-media":"","overlay-type":"","overlay-color":"","overlay-opacity":"","overlay-gradient":""}},"jetpack_post_was_ever_published":false,"_joinchat":{"telephone":"+584245552028"}},"estado":[],"product_brand":[564],"product_cat":[47],"product_tag":[297],"class_list":{"0":"post-98668","1":"product","2":"type-product","3":"status-publish","4":"has-post-thumbnail","6":"product_brand-elegance-barquisimeto","7":"product_cat-casa","8":"product_tag-null","9":"product_shipping_class-null","10":"pa_asesor-atr-marilis-de-los-angeles-gil-barrios","11":"pa_oficina-atr-elegance-barquisimeto","12":"pa_ubicacion-lara","13":"desktop-align-left","14":"tablet-align-left","15":"mobile-align-left","17":"first","18":"instock","19":"shipping-taxable","20":"purchasable","21":"product-type-simple"},"acf":[],"uagb_featured_image_src":{"full":["https:\/\/i0.wp.com\/skygroup.com.ve\/web\/wp-content\/uploads\/2025\/11\/3386_5.jpeg?fit=600%2C800&ssl=1",600,800,false],"thumbnail":["https:\/\/i0.wp.com\/skygroup.com.ve\/web\/wp-content\/uploads\/2025\/11\/3386_5.jpeg?resize=150%2C150&ssl=1",150,150,true],"medium":["https:\/\/i0.wp.com\/skygroup.com.ve\/web\/wp-content\/uploads\/2025\/11\/3386_5.jpeg?fit=225%2C300&ssl=1",225,300,true],"medium_large":["https:\/\/i0.wp.com\/skygroup.com.ve\/web\/wp-content\/uploads\/2025\/11\/3386_5.jpeg?fit=600%2C800&ssl=1",600,800,true],"large":["https:\/\/i0.wp.com\/skygroup.com.ve\/web\/wp-content\/uploads\/2025\/11\/3386_5.jpeg?fit=600%2C800&ssl=1",600,800,true],"1536x1536":["https:\/\/i0.wp.com\/skygroup.com.ve\/web\/wp-content\/uploads\/2025\/11\/3386_5.jpeg?fit=600%2C800&ssl=1",600,800,true],"2048x2048":["https:\/\/i0.wp.com\/skygroup.com.ve\/web\/wp-content\/uploads\/2025\/11\/3386_5.jpeg?fit=600%2C800&ssl=1",600,800,true],"woocommerce_thumbnail":["https:\/\/i0.wp.com\/skygroup.com.ve\/web\/wp-content\/uploads\/2025\/11\/3386_5.jpeg?resize=300%2C300&ssl=1",300,300,true],"woocommerce_single":["https:\/\/i0.wp.com\/skygroup.com.ve\/web\/wp-content\/uploads\/2025\/11\/3386_5.jpeg?fit=600%2C800&ssl=1",600,800,true],"woocommerce_gallery_thumbnail":["https:\/\/i0.wp.com\/skygroup.com.ve\/web\/wp-content\/uploads\/2025\/11\/3386_5.jpeg?resize=100%2C100&ssl=1",100,100,true]},"uagb_author_info":{"display_name":"adminweb","author_link":"https:\/\/skygroup.com.ve\/web\/author\/"},"uagb_comment_info":0,"uagb_excerpt":"Sky Group ELEGANCE - BARQUISIMETO Vende Casa Urbanizaci\u00f3n La Rosaleda, Barquisimeto, Lara","jetpack_sharing_enabled":true,"_links":{"self":[{"href":"https:\/\/skygroup.com.ve\/web\/wp-json\/wp\/v2\/product\/98668","targetHints":{"allow":["GET"]}}],"collection":[{"href":"https:\/\/skygroup.com.ve\/web\/wp-json\/wp\/v2\/product"}],"about":[{"href":"https:\/\/skygroup.com.ve\/web\/wp-json\/wp\/v2\/types\/product"}],"wp:featuredmedia":[{"embeddable":true,"href":"https:\/\/skygroup.com.ve\/web\/wp-json\/wp\/v2\/media\/98025"}],"wp:attachment":[{"href":"https:\/\/skygroup.com.ve\/web\/wp-json\/wp\/v2\/media?parent=98668"}],"wp:term":[{"taxonomy":"estado","embeddable":true,"href":"https:\/\/skygroup.com.ve\/web\/wp-json\/wp\/v2\/estado?post=98668"},{"taxonomy":"product_brand","embeddable":true,"href":"https:\/\/skygroup.com.ve\/web\/wp-json\/wp\/v2\/product_brand?post=98668"},{"taxonomy":"product_cat","embeddable":true,"href":"https:\/\/skygroup.com.ve\/web\/wp-json\/wp\/v2\/product_cat?post=98668"},{"taxonomy":"product_tag","embeddable":true,"href":"https:\/\/skygroup.com.ve\/web\/wp-json\/wp\/v2\/product_tag?post=98668"}],"curies":[{"name":"wp","href":"https:\/\/api.w.org\/{rel}","templated":true}]}}